{"id":2558,"date":"2016-04-06T15:50:44","date_gmt":"2016-04-06T14:50:44","guid":{"rendered":"http:\/\/www.trouve.eu\/fr\/trouve-route\/"},"modified":"2020-02-27T12:07:15","modified_gmt":"2020-02-27T11:07:15","slug":"trouve-route","status":"publish","type":"page","link":"https:\/\/www.trouve.eu\/fr\/trouve-route\/","title":{"rendered":"Trouve Route"},"content":{"rendered":"<p>Adresse: 2 Les Couteaux, La Crouzille 63700 France<br \/>\nT\u00e9l\u00e9phone: 0033 (0) 952591370<\/p>\n<p>Courriel:<span style=\"text-decoration: underline;\"><span style=\"color: #800080; text-decoration: underline;\"> <a href=\"https:\/\/www.trouve.eu\/fr\/contact\/\" target=\"_blank\" rel=\"noopener noreferrer\"><span style=\"color: #800080; text-decoration: underline;\">Cliquez ici<\/span><\/a>.<\/span><\/span> <\/p>\n<p><strong>Code GPS:<\/strong><\/p>\n<p><div class='content-column one_half'>DG (<span class=\"s1\">degr\u00e9s d\u00e9cimaux<\/span>):<br \/>\nLatitude: 46.1798087<br \/>\nLongitude: 2.7714416<br \/><\/div><div class='content-column one_half last_column'>GMS (<span class=\"s1\">degr\u00e9s, minutes, secondes<\/span>):<br \/>\nLatitude N: 46\u00b0 10&prime; 47.311&Prime;<br \/>\nLongitude O: 2\u00b0 46&prime; 17.189&Prime;<\/p><\/div><div class='clear_column'><\/div><\/p>\n<p class=\"p1\"><span class=\"s1\">Cependant, il existe de nombreuses variantes selon le syst\u00e8me de navigation que vous utilisez. Si vous choisissez la destination Les Couteaux , 63700 La Crouzille \u00e0 TomTom, vous arriverez chez nous.<\/span><\/p>\n<p class=\"p1\"><span class=\"s1\">Comment pouvez-vous nous trouver?<\/span><\/p>\n<p class=\"p1\"><span class=\"s1\">Si vous roulez sur l&rsquo;A71-E11 en direction de Clermont-Ferrand, prenez la sortie 11 (Montmarault) au \u00bc rond-point, puis suivez la D4 \/ D13 en direction de Lapeyrouse en direction de Montaigut. Avant Montaigut, continuer sur la D502 \/ D4 en direction de La Crouzille \/ Marcillat. Attention: apr\u00e8s environ 2 kilom\u00e8tres vous tournez \u00e0 gauche ( \u00ab\u00a0les monts\u201d) montez la colline. Apr\u00e8s le sommet de la colline, la ferme est \u00e0 droite.<\/span><\/p>\n<p>&nbsp;<\/p>\n<p>&nbsp;<\/p>\n<p><iframe loading=\"lazy\" style=\"border: 0;\" src=\"https:\/\/www.google.com\/maps\/embed?pb=!1m18!1m12!1m3!1d19239.3270807191!2d2.774652634512665!3d46.180146601137146!2m3!1f0!2f0!3f0!3m2!1i1024!2i768!4f13.1!3m3!1m2!1s0x0%3A0x0!2zNDbCsDEwJzQ3LjMiTiAywrA0NicxNy41IkU!5e0!3m2!1snl!2snl!4v1463601895890\" width=\"400\" height=\"350\" frameborder=\"0\" allowfullscreen=\"allowfullscreen\"><\/iframe><\/p>\n<p>&nbsp;<\/p>\n","protected":false},"excerpt":{"rendered":"<p>Adresse: 2 Les Couteaux, La Crouzille 63700 France T\u00e9l\u00e9phone: 0033 (0) 952591370 Courriel: Cliquez ici. Code GPS: Cependant, il existe de nombreuses variantes selon le syst\u00e8me de navigation que vous utilisez. Si vous choisissez la destination Les Couteaux , 63700 La Crouzille \u00e0 TomTom, vous arriverez chez nous. Comment pouvez-vous nous trouver? Si vous roulez [&hellip;]<\/p>\n","protected":false},"author":1,"featured_media":0,"parent":0,"menu_order":0,"comment_status":"closed","ping_status":"closed","template":"","meta":{"om_disable_all_campaigns":false,"_monsterinsights_skip_tracking":false,"_monsterinsights_sitenote_active":false,"_monsterinsights_sitenote_note":"","_monsterinsights_sitenote_category":0,"ngg_post_thumbnail":0,"footnotes":""},"class_list":["post-2558","page","type-page","status-publish","hentry"],"yoast_head":"<!-- This site is optimized with the Yoast SEO plugin v27.1.1 - https:\/\/yoast.com\/product\/yoast-seo-wordpress\/ -->\n<title>Trouve Route &#8226; Trouve<\/title>\n<meta name=\"robots\" content=\"index, follow, max-snippet:-1, max-image-preview:large, max-video-preview:-1\" \/>\n<link rel=\"canonical\" href=\"https:\/\/www.trouve.eu\/fr\/trouve-route\/\" \/>\n<meta property=\"og:locale\" content=\"fr_FR\" \/>\n<meta property=\"og:type\" content=\"article\" \/>\n<meta property=\"og:title\" content=\"Trouve Route &#8226; Trouve\" \/>\n<meta property=\"og:description\" content=\"Adresse: 2 Les Couteaux, La Crouzille 63700 France T\u00e9l\u00e9phone: 0033 (0) 952591370 Courriel: Cliquez ici. Code GPS: Cependant, il existe de nombreuses variantes selon le syst\u00e8me de navigation que vous utilisez. Si vous choisissez la destination Les Couteaux , 63700 La Crouzille \u00e0 TomTom, vous arriverez chez nous. Comment pouvez-vous nous trouver? Si vous roulez [&hellip;]\" \/>\n<meta property=\"og:url\" content=\"https:\/\/www.trouve.eu\/fr\/trouve-route\/\" \/>\n<meta property=\"og:site_name\" content=\"Trouve\" \/>\n<meta property=\"article:modified_time\" content=\"2020-02-27T11:07:15+00:00\" \/>\n<meta name=\"twitter:card\" content=\"summary_large_image\" \/>\n<meta name=\"twitter:label1\" content=\"Dur\u00e9e de lecture estim\u00e9e\" \/>\n\t<meta name=\"twitter:data1\" content=\"1 minute\" \/>\n<script type=\"application\/ld+json\" class=\"yoast-schema-graph\">{\"@context\":\"https:\/\/schema.org\",\"@graph\":[{\"@type\":\"WebPage\",\"@id\":\"https:\/\/www.trouve.eu\/fr\/trouve-route\/\",\"url\":\"https:\/\/www.trouve.eu\/fr\/trouve-route\/\",\"name\":\"Trouve Route &#8226; Trouve\",\"isPartOf\":{\"@id\":\"https:\/\/www.trouve.eu\/#website\"},\"datePublished\":\"2016-04-06T14:50:44+00:00\",\"dateModified\":\"2020-02-27T11:07:15+00:00\",\"breadcrumb\":{\"@id\":\"https:\/\/www.trouve.eu\/fr\/trouve-route\/#breadcrumb\"},\"inLanguage\":\"fr-FR\",\"potentialAction\":[{\"@type\":\"ReadAction\",\"target\":[\"https:\/\/www.trouve.eu\/fr\/trouve-route\/\"]}]},{\"@type\":\"BreadcrumbList\",\"@id\":\"https:\/\/www.trouve.eu\/fr\/trouve-route\/#breadcrumb\",\"itemListElement\":[{\"@type\":\"ListItem\",\"position\":1,\"name\":\"Home\",\"item\":\"https:\/\/www.trouve.eu\/fr\/\"},{\"@type\":\"ListItem\",\"position\":2,\"name\":\"Trouve Route\"}]},{\"@type\":\"WebSite\",\"@id\":\"https:\/\/www.trouve.eu\/#website\",\"url\":\"https:\/\/www.trouve.eu\/\",\"name\":\"Trouve\",\"description\":\"Mini camping - G\u00eetes - Slaapzaal\",\"publisher\":{\"@id\":\"https:\/\/www.trouve.eu\/#organization\"},\"potentialAction\":[{\"@type\":\"SearchAction\",\"target\":{\"@type\":\"EntryPoint\",\"urlTemplate\":\"https:\/\/www.trouve.eu\/?s={search_term_string}\"},\"query-input\":{\"@type\":\"PropertyValueSpecification\",\"valueRequired\":true,\"valueName\":\"search_term_string\"}}],\"inLanguage\":\"fr-FR\"},{\"@type\":\"Organization\",\"@id\":\"https:\/\/www.trouve.eu\/#organization\",\"name\":\"Trouve\",\"url\":\"https:\/\/www.trouve.eu\/\",\"logo\":{\"@type\":\"ImageObject\",\"inLanguage\":\"fr-FR\",\"@id\":\"https:\/\/www.trouve.eu\/#\/schema\/logo\/image\/\",\"url\":\"https:\/\/www.trouve.eu\/wp-content\/uploads\/2016\/03\/logo_groen.png\",\"contentUrl\":\"https:\/\/www.trouve.eu\/wp-content\/uploads\/2016\/03\/logo_groen.png\",\"width\":376,\"height\":134,\"caption\":\"Trouve\"},\"image\":{\"@id\":\"https:\/\/www.trouve.eu\/#\/schema\/logo\/image\/\"}}]}<\/script>\n<!-- \/ Yoast SEO plugin. -->","yoast_head_json":{"title":"Trouve Route &#8226; Trouve","robots":{"index":"index","follow":"follow","max-snippet":"max-snippet:-1","max-image-preview":"max-image-preview:large","max-video-preview":"max-video-preview:-1"},"canonical":"https:\/\/www.trouve.eu\/fr\/trouve-route\/","og_locale":"fr_FR","og_type":"article","og_title":"Trouve Route &#8226; Trouve","og_description":"Adresse: 2 Les Couteaux, La Crouzille 63700 France T\u00e9l\u00e9phone: 0033 (0) 952591370 Courriel: Cliquez ici. Code GPS: Cependant, il existe de nombreuses variantes selon le syst\u00e8me de navigation que vous utilisez. Si vous choisissez la destination Les Couteaux , 63700 La Crouzille \u00e0 TomTom, vous arriverez chez nous. Comment pouvez-vous nous trouver? Si vous roulez [&hellip;]","og_url":"https:\/\/www.trouve.eu\/fr\/trouve-route\/","og_site_name":"Trouve","article_modified_time":"2020-02-27T11:07:15+00:00","twitter_card":"summary_large_image","twitter_misc":{"Dur\u00e9e de lecture estim\u00e9e":"1 minute"},"schema":{"@context":"https:\/\/schema.org","@graph":[{"@type":"WebPage","@id":"https:\/\/www.trouve.eu\/fr\/trouve-route\/","url":"https:\/\/www.trouve.eu\/fr\/trouve-route\/","name":"Trouve Route &#8226; Trouve","isPartOf":{"@id":"https:\/\/www.trouve.eu\/#website"},"datePublished":"2016-04-06T14:50:44+00:00","dateModified":"2020-02-27T11:07:15+00:00","breadcrumb":{"@id":"https:\/\/www.trouve.eu\/fr\/trouve-route\/#breadcrumb"},"inLanguage":"fr-FR","potentialAction":[{"@type":"ReadAction","target":["https:\/\/www.trouve.eu\/fr\/trouve-route\/"]}]},{"@type":"BreadcrumbList","@id":"https:\/\/www.trouve.eu\/fr\/trouve-route\/#breadcrumb","itemListElement":[{"@type":"ListItem","position":1,"name":"Home","item":"https:\/\/www.trouve.eu\/fr\/"},{"@type":"ListItem","position":2,"name":"Trouve Route"}]},{"@type":"WebSite","@id":"https:\/\/www.trouve.eu\/#website","url":"https:\/\/www.trouve.eu\/","name":"Trouve","description":"Mini camping - G\u00eetes - Slaapzaal","publisher":{"@id":"https:\/\/www.trouve.eu\/#organization"},"potentialAction":[{"@type":"SearchAction","target":{"@type":"EntryPoint","urlTemplate":"https:\/\/www.trouve.eu\/?s={search_term_string}"},"query-input":{"@type":"PropertyValueSpecification","valueRequired":true,"valueName":"search_term_string"}}],"inLanguage":"fr-FR"},{"@type":"Organization","@id":"https:\/\/www.trouve.eu\/#organization","name":"Trouve","url":"https:\/\/www.trouve.eu\/","logo":{"@type":"ImageObject","inLanguage":"fr-FR","@id":"https:\/\/www.trouve.eu\/#\/schema\/logo\/image\/","url":"https:\/\/www.trouve.eu\/wp-content\/uploads\/2016\/03\/logo_groen.png","contentUrl":"https:\/\/www.trouve.eu\/wp-content\/uploads\/2016\/03\/logo_groen.png","width":376,"height":134,"caption":"Trouve"},"image":{"@id":"https:\/\/www.trouve.eu\/#\/schema\/logo\/image\/"}}]}},"_links":{"self":[{"href":"https:\/\/www.trouve.eu\/fr\/wp-json\/wp\/v2\/pages\/2558","targetHints":{"allow":["GET"]}}],"collection":[{"href":"https:\/\/www.trouve.eu\/fr\/wp-json\/wp\/v2\/pages"}],"about":[{"href":"https:\/\/www.trouve.eu\/fr\/wp-json\/wp\/v2\/types\/page"}],"author":[{"embeddable":true,"href":"https:\/\/www.trouve.eu\/fr\/wp-json\/wp\/v2\/users\/1"}],"replies":[{"embeddable":true,"href":"https:\/\/www.trouve.eu\/fr\/wp-json\/wp\/v2\/comments?post=2558"}],"version-history":[{"count":14,"href":"https:\/\/www.trouve.eu\/fr\/wp-json\/wp\/v2\/pages\/2558\/revisions"}],"predecessor-version":[{"id":3746,"href":"https:\/\/www.trouve.eu\/fr\/wp-json\/wp\/v2\/pages\/2558\/revisions\/3746"}],"wp:attachment":[{"href":"https:\/\/www.trouve.eu\/fr\/wp-json\/wp\/v2\/media?parent=2558"}],"curies":[{"name":"wp","href":"https:\/\/api.w.org\/{rel}","templated":true}]}}