{"id":2178,"date":"2016-04-01T18:14:11","date_gmt":"2016-04-01T17:14:11","guid":{"rendered":"http:\/\/www.trouve.eu\/fr\/lodging-2p-information\/"},"modified":"2025-12-03T11:19:52","modified_gmt":"2025-12-03T10:19:52","slug":"lodging-2p-information","status":"publish","type":"page","link":"https:\/\/www.trouve.eu\/fr\/lodging-2p-information\/","title":{"rendered":"Information etable"},"content":{"rendered":"<p style=\"font-family: Tahoma, Helvetica, Arial, sans-serif; font-size: 12px; line-height: 15px;\"><span style=\"font-size: 18pt; color: #800080;\"><strong>L&rsquo;\u00e9table**<\/strong><\/span><\/p>\n<p>Le g\u00eete 2 personnes est situ\u00e9 c\u00f4t\u00e9 sud, avec sa terrasse et son salon de jardin. Pour ce g\u00eete, nous avons transform\u00e9 l&rsquo;ancienne \u00e9table.<br \/>\nLe g\u00eete a un s\u00e9jour agr\u00e9able avec cuisine, un po\u00eale \u00e0 bois, une cha\u00eene HI-FI avec mp3, TV, DVD, WIFI. La cuisine est \u00e9quip\u00e9e d&rsquo; un petit four, d&rsquo;une table de cuisson \u00e0 gaz 4 feux, d&rsquo;une bouilloire, d&rsquo;une machine \u00e0 caf\u00e9, d&rsquo;un grille-pain, de divers ustensiles de cuisine. Le s\u00e9jour\/cuisine se trouve dans la partie de l&rsquo;\u00e9table, la chambre \u00e0 coucher dans la grange, accessible par un petit escalier. La chambre \u00e0 coucher dispose de 2 lits une personne qui peuvent \u00eatre rapproch\u00e9s ou s\u00e9par\u00e9s selon votre d\u00e9sir. Il y a une grande salle de bain.<\/p>\n<p><strong>Prix 2026<\/strong><br \/>\nHaute saison ( 13\/6 &#8211; 29\/8 et 19\/12- 2\/1 ) &nbsp; &nbsp; &nbsp; &nbsp; &nbsp; &nbsp; &nbsp; &nbsp; &nbsp; &nbsp; &nbsp; \u20ac 525,00 la semaine,&nbsp; la quinzaine \u20ac 945,&#8211;&nbsp;<br \/>\nBasse saison &nbsp; (Les autres semaines) &nbsp; &nbsp; &nbsp; &nbsp;&nbsp;&nbsp;&nbsp;&nbsp;&nbsp;&nbsp;&nbsp;&nbsp;&nbsp;&nbsp;&nbsp;&nbsp;&nbsp;&nbsp;&nbsp;&nbsp;&nbsp;&nbsp;&nbsp;&nbsp;&nbsp; \u20ac 400,00 la semaine,&nbsp;&nbsp;&nbsp; la quinzaine \u20ac 720,&#8211;<br \/>\nLes prix sont all in excl. taxe de s\u00e9jour, &nbsp; &nbsp;&nbsp;&nbsp;&nbsp;&nbsp;&nbsp;&nbsp;&nbsp;&nbsp;&nbsp;&nbsp;&nbsp;&nbsp;&nbsp;&nbsp;&nbsp;&nbsp;&nbsp;&nbsp;&nbsp;&nbsp; \u20ac 1,00 par personne par nuit.<\/p>\n<p>Dans la location est compris le linge de maison (lits, salle de bains, cuisine) Pour une p\u00e9riode plus fra\u00eeche, du bois \u00e0 chauffer est mis \u00e0 votre disposition.<br \/>\nAu cas o\u00f9 vous n&rsquo;aurez pas suffisamment de serviettes de bains, un autre paquet peut vous \u00eatre fourni avec un suppl\u00e9ment de&nbsp;\u20ac 7,50 ( \u00e0 savoir 1 grande serviette de bains, 2 petites serviettes et 2 gants de toilette). <br \/>\nDe plus nous disposons d\u2019un lit pour enfant avec draps et couvertures, ainsi qu\u2019une chaise (\u20ac 20,&#8211; p\/s).&nbsp;<br \/>\nIl est possible d\u2019utiliser la machine \u00e0 laver (\u20ac 5,&#8211;) et le s\u00e9choir (\u20ac 5,&#8211;).<\/p>\n<p><strong>Caution, charges et payement<\/strong>&nbsp;<br \/>\nLes cartes de cr\u00e9dit et les cartes bancaires ne sont pas accept\u00e9es.<br \/>\nNous acceptons des cheques et liquide.<\/p>\n<p><strong>A savoir en plus <\/strong>&nbsp;<br \/>\nLe s\u00e9jour commence le samedi apr\u00e8s 15h00 et le d\u00e9part samedi avant 10h00. <br \/>\nD&rsquo;autres arrangements sont possibles entente pr\u00e9alable avec le propri\u00e9taire. <br \/>\nIl est interdit de fumer dans le g\u00eete.&nbsp;<br \/>\nPour tout dommage \u00e9ventuel, vous \u00eates tenu directement responsable.<\/p>\n<p><strong>R\u00e9servation<\/strong>&nbsp;<br \/>\nLa r\u00e9servation peut se faire par&nbsp;<span style=\"text-decoration: none; color: #800080;\"><a style=\"color: #1b57b1; text-decoration: none;\" href=\"https:\/\/www.trouve.eu\/fr\/contact\/\"><span style=\"color: #800080;\">ce formulaire<\/span><\/a><\/span><span style=\"color: #800000;\"><span style=\"color: #800000;\">&nbsp;<\/span><\/span>ou par T\u00e9l.: 0033 (0) 952591370. Apr\u00e8s avoir pay\u00e9 25%&nbsp;du prix du s\u00e9jour avec une&nbsp;cheque. Nous vous enverrons une confirmation \u00e9crite de votre r\u00e9servation. En cas d&rsquo;annulation aucun montant ne sera rendu. Nous vous conseillons de souscrire \u00e0 une assurance d&rsquo;annulation.<br \/>\nAvez-vous encore des questions? N&rsquo;h\u00e9sitez pas \u00e0 nous contacter!<\/p>\n","protected":false},"excerpt":{"rendered":"<p>L&rsquo;\u00e9table** Le g\u00eete 2 personnes est situ\u00e9 c\u00f4t\u00e9 sud, avec sa terrasse et son salon de jardin. Pour ce g\u00eete, nous avons transform\u00e9 l&rsquo;ancienne \u00e9table. Le g\u00eete a un s\u00e9jour agr\u00e9able avec cuisine, un po\u00eale \u00e0 bois, une cha\u00eene HI-FI avec mp3, TV, DVD, WIFI. La cuisine est \u00e9quip\u00e9e d&rsquo; un petit four, d&rsquo;une table [&hellip;]<\/p>\n","protected":false},"author":1,"featured_media":0,"parent":0,"menu_order":0,"comment_status":"closed","ping_status":"closed","template":"","meta":{"om_disable_all_campaigns":false,"_monsterinsights_skip_tracking":false,"_monsterinsights_sitenote_active":false,"_monsterinsights_sitenote_note":"","_monsterinsights_sitenote_category":0,"ngg_post_thumbnail":0,"footnotes":""},"class_list":["post-2178","page","type-page","status-publish","hentry"],"yoast_head":"<!-- This site is optimized with the Yoast SEO plugin v27.1.1 - https:\/\/yoast.com\/product\/yoast-seo-wordpress\/ -->\n<title>Information etable &#8226; Trouve<\/title>\n<meta name=\"robots\" content=\"index, follow, max-snippet:-1, max-image-preview:large, max-video-preview:-1\" \/>\n<link rel=\"canonical\" href=\"https:\/\/www.trouve.eu\/fr\/lodging-2p-information\/\" \/>\n<meta property=\"og:locale\" content=\"fr_FR\" \/>\n<meta property=\"og:type\" content=\"article\" \/>\n<meta property=\"og:title\" content=\"Information etable &#8226; Trouve\" \/>\n<meta property=\"og:description\" content=\"L&rsquo;\u00e9table** Le g\u00eete 2 personnes est situ\u00e9 c\u00f4t\u00e9 sud, avec sa terrasse et son salon de jardin. Pour ce g\u00eete, nous avons transform\u00e9 l&rsquo;ancienne \u00e9table. Le g\u00eete a un s\u00e9jour agr\u00e9able avec cuisine, un po\u00eale \u00e0 bois, une cha\u00eene HI-FI avec mp3, TV, DVD, WIFI. La cuisine est \u00e9quip\u00e9e d&rsquo; un petit four, d&rsquo;une table [&hellip;]\" \/>\n<meta property=\"og:url\" content=\"https:\/\/www.trouve.eu\/fr\/lodging-2p-information\/\" \/>\n<meta property=\"og:site_name\" content=\"Trouve\" \/>\n<meta property=\"article:modified_time\" content=\"2025-12-03T10:19:52+00:00\" \/>\n<meta name=\"twitter:card\" content=\"summary_large_image\" \/>\n<meta name=\"twitter:label1\" content=\"Dur\u00e9e de lecture estim\u00e9e\" \/>\n\t<meta name=\"twitter:data1\" content=\"2 minutes\" \/>\n<script type=\"application\/ld+json\" class=\"yoast-schema-graph\">{\"@context\":\"https:\/\/schema.org\",\"@graph\":[{\"@type\":\"WebPage\",\"@id\":\"https:\/\/www.trouve.eu\/fr\/lodging-2p-information\/\",\"url\":\"https:\/\/www.trouve.eu\/fr\/lodging-2p-information\/\",\"name\":\"Information etable &#8226; Trouve\",\"isPartOf\":{\"@id\":\"https:\/\/www.trouve.eu\/#website\"},\"datePublished\":\"2016-04-01T17:14:11+00:00\",\"dateModified\":\"2025-12-03T10:19:52+00:00\",\"breadcrumb\":{\"@id\":\"https:\/\/www.trouve.eu\/fr\/lodging-2p-information\/#breadcrumb\"},\"inLanguage\":\"fr-FR\",\"potentialAction\":[{\"@type\":\"ReadAction\",\"target\":[\"https:\/\/www.trouve.eu\/fr\/lodging-2p-information\/\"]}]},{\"@type\":\"BreadcrumbList\",\"@id\":\"https:\/\/www.trouve.eu\/fr\/lodging-2p-information\/#breadcrumb\",\"itemListElement\":[{\"@type\":\"ListItem\",\"position\":1,\"name\":\"Home\",\"item\":\"https:\/\/www.trouve.eu\/fr\/\"},{\"@type\":\"ListItem\",\"position\":2,\"name\":\"Information etable\"}]},{\"@type\":\"WebSite\",\"@id\":\"https:\/\/www.trouve.eu\/#website\",\"url\":\"https:\/\/www.trouve.eu\/\",\"name\":\"Trouve\",\"description\":\"Mini camping - G\u00eetes - Slaapzaal\",\"publisher\":{\"@id\":\"https:\/\/www.trouve.eu\/#organization\"},\"potentialAction\":[{\"@type\":\"SearchAction\",\"target\":{\"@type\":\"EntryPoint\",\"urlTemplate\":\"https:\/\/www.trouve.eu\/?s={search_term_string}\"},\"query-input\":{\"@type\":\"PropertyValueSpecification\",\"valueRequired\":true,\"valueName\":\"search_term_string\"}}],\"inLanguage\":\"fr-FR\"},{\"@type\":\"Organization\",\"@id\":\"https:\/\/www.trouve.eu\/#organization\",\"name\":\"Trouve\",\"url\":\"https:\/\/www.trouve.eu\/\",\"logo\":{\"@type\":\"ImageObject\",\"inLanguage\":\"fr-FR\",\"@id\":\"https:\/\/www.trouve.eu\/#\/schema\/logo\/image\/\",\"url\":\"https:\/\/www.trouve.eu\/wp-content\/uploads\/2016\/03\/logo_groen.png\",\"contentUrl\":\"https:\/\/www.trouve.eu\/wp-content\/uploads\/2016\/03\/logo_groen.png\",\"width\":376,\"height\":134,\"caption\":\"Trouve\"},\"image\":{\"@id\":\"https:\/\/www.trouve.eu\/#\/schema\/logo\/image\/\"}}]}<\/script>\n<!-- \/ Yoast SEO plugin. -->","yoast_head_json":{"title":"Information etable &#8226; Trouve","robots":{"index":"index","follow":"follow","max-snippet":"max-snippet:-1","max-image-preview":"max-image-preview:large","max-video-preview":"max-video-preview:-1"},"canonical":"https:\/\/www.trouve.eu\/fr\/lodging-2p-information\/","og_locale":"fr_FR","og_type":"article","og_title":"Information etable &#8226; Trouve","og_description":"L&rsquo;\u00e9table** Le g\u00eete 2 personnes est situ\u00e9 c\u00f4t\u00e9 sud, avec sa terrasse et son salon de jardin. Pour ce g\u00eete, nous avons transform\u00e9 l&rsquo;ancienne \u00e9table. Le g\u00eete a un s\u00e9jour agr\u00e9able avec cuisine, un po\u00eale \u00e0 bois, une cha\u00eene HI-FI avec mp3, TV, DVD, WIFI. La cuisine est \u00e9quip\u00e9e d&rsquo; un petit four, d&rsquo;une table [&hellip;]","og_url":"https:\/\/www.trouve.eu\/fr\/lodging-2p-information\/","og_site_name":"Trouve","article_modified_time":"2025-12-03T10:19:52+00:00","twitter_card":"summary_large_image","twitter_misc":{"Dur\u00e9e de lecture estim\u00e9e":"2 minutes"},"schema":{"@context":"https:\/\/schema.org","@graph":[{"@type":"WebPage","@id":"https:\/\/www.trouve.eu\/fr\/lodging-2p-information\/","url":"https:\/\/www.trouve.eu\/fr\/lodging-2p-information\/","name":"Information etable &#8226; Trouve","isPartOf":{"@id":"https:\/\/www.trouve.eu\/#website"},"datePublished":"2016-04-01T17:14:11+00:00","dateModified":"2025-12-03T10:19:52+00:00","breadcrumb":{"@id":"https:\/\/www.trouve.eu\/fr\/lodging-2p-information\/#breadcrumb"},"inLanguage":"fr-FR","potentialAction":[{"@type":"ReadAction","target":["https:\/\/www.trouve.eu\/fr\/lodging-2p-information\/"]}]},{"@type":"BreadcrumbList","@id":"https:\/\/www.trouve.eu\/fr\/lodging-2p-information\/#breadcrumb","itemListElement":[{"@type":"ListItem","position":1,"name":"Home","item":"https:\/\/www.trouve.eu\/fr\/"},{"@type":"ListItem","position":2,"name":"Information etable"}]},{"@type":"WebSite","@id":"https:\/\/www.trouve.eu\/#website","url":"https:\/\/www.trouve.eu\/","name":"Trouve","description":"Mini camping - G\u00eetes - Slaapzaal","publisher":{"@id":"https:\/\/www.trouve.eu\/#organization"},"potentialAction":[{"@type":"SearchAction","target":{"@type":"EntryPoint","urlTemplate":"https:\/\/www.trouve.eu\/?s={search_term_string}"},"query-input":{"@type":"PropertyValueSpecification","valueRequired":true,"valueName":"search_term_string"}}],"inLanguage":"fr-FR"},{"@type":"Organization","@id":"https:\/\/www.trouve.eu\/#organization","name":"Trouve","url":"https:\/\/www.trouve.eu\/","logo":{"@type":"ImageObject","inLanguage":"fr-FR","@id":"https:\/\/www.trouve.eu\/#\/schema\/logo\/image\/","url":"https:\/\/www.trouve.eu\/wp-content\/uploads\/2016\/03\/logo_groen.png","contentUrl":"https:\/\/www.trouve.eu\/wp-content\/uploads\/2016\/03\/logo_groen.png","width":376,"height":134,"caption":"Trouve"},"image":{"@id":"https:\/\/www.trouve.eu\/#\/schema\/logo\/image\/"}}]}},"_links":{"self":[{"href":"https:\/\/www.trouve.eu\/fr\/wp-json\/wp\/v2\/pages\/2178","targetHints":{"allow":["GET"]}}],"collection":[{"href":"https:\/\/www.trouve.eu\/fr\/wp-json\/wp\/v2\/pages"}],"about":[{"href":"https:\/\/www.trouve.eu\/fr\/wp-json\/wp\/v2\/types\/page"}],"author":[{"embeddable":true,"href":"https:\/\/www.trouve.eu\/fr\/wp-json\/wp\/v2\/users\/1"}],"replies":[{"embeddable":true,"href":"https:\/\/www.trouve.eu\/fr\/wp-json\/wp\/v2\/comments?post=2178"}],"version-history":[{"count":33,"href":"https:\/\/www.trouve.eu\/fr\/wp-json\/wp\/v2\/pages\/2178\/revisions"}],"predecessor-version":[{"id":4443,"href":"https:\/\/www.trouve.eu\/fr\/wp-json\/wp\/v2\/pages\/2178\/revisions\/4443"}],"wp:attachment":[{"href":"https:\/\/www.trouve.eu\/fr\/wp-json\/wp\/v2\/media?parent=2178"}],"curies":[{"name":"wp","href":"https:\/\/api.w.org\/{rel}","templated":true}]}}