{"id":2120,"date":"2016-04-06T15:40:52","date_gmt":"2016-04-06T14:40:52","guid":{"rendered":"http:\/\/www.trouve.eu\/fr\/gite5p-informatie\/"},"modified":"2025-12-03T11:22:19","modified_gmt":"2025-12-03T10:22:19","slug":"gite5p-informatie","status":"publish","type":"page","link":"https:\/\/www.trouve.eu\/fr\/gite5p-informatie\/","title":{"rendered":"Information grange"},"content":{"rendered":"<p style=\"color: #333333; font-family: Tahoma, Helvetica, Arial, sans-serif; font-size: 12px; line-height: 15px;\"><span style=\"color: #800080;\"><strong><span style=\"font-size: 18pt;\">La grange**<\/span><\/strong><\/span><\/p>\n<p>Le g\u00eete 2-5 personnes a \u00e9t\u00e9 am\u00e9nag\u00e9 dans l&rsquo;ancienne grange.&nbsp;<br \/>\nIl dispose d&rsquo;une belle terrasse situ\u00e9e au nord, mais ayant assez d&rsquo;espace autour pour pouvoir profiter du soleil.<br \/>\nAu sud-est il-y-a un toit en terrasse avec une vue splendide sur la vall\u00e9e.<br \/>\nLe g\u00eete a un grand s\u00e9jour agr\u00e9able avec cuisine, un po\u00eale \u00e0 bois, une cha\u00eene HIFI avec mp3, TV, DVD,&nbsp;WIFI. <br \/>\nLa cuisine est \u00e9quip\u00e9e d&rsquo;un four, d&rsquo;une table de cuisson \u00e0 gaz, d&rsquo;une bouilloire d&rsquo;une machine \u00e0 caf\u00e9, un grille-pain, de divers ustensiles de cuisine. <br \/>\nLe g\u00eete dispose d&rsquo;une chambre \u00e0 coucher ayant un lit 2 personnes, et d&rsquo;une chambre \u00e0 coucher avec lits superpos\u00e9s dont le lit inf\u00e9rieur est un lit \u00e0 2 personnes. <br \/>\nUne grande salle de bain est pr\u00e9sente. &nbsp;<\/p>\n<p><strong>prix 2026:<\/strong><br \/>\nHaute saison (13\/6 &#8211; 29\/8 et 19\/12- 2\/1). &nbsp; &nbsp; &nbsp; &nbsp; &nbsp; &nbsp; &nbsp; &nbsp; &nbsp; &nbsp; \u20ac 640,00 la semaine, la quinzaine \u20ac 1150,00&nbsp;<br \/>\nBasse saison (Les autre semaines) &nbsp; &nbsp; &nbsp; &nbsp; &nbsp; &nbsp; &nbsp; &nbsp; &nbsp; &nbsp; &nbsp; &nbsp; &nbsp; &nbsp; &nbsp; \u20ac 525,00 la semaine, la quinzaine \u20ac 945,00&nbsp;<br \/>\nLes prix sont all in excl. taxe de s\u00e9jour,&nbsp;&nbsp;&nbsp;&nbsp;&nbsp;&nbsp;&nbsp;&nbsp;&nbsp;&nbsp;&nbsp;&nbsp;&nbsp;&nbsp;&nbsp;&nbsp;&nbsp;&nbsp;&nbsp;&nbsp;&nbsp; \u20ac 1,00 par personne par nuit.<\/p>\n<p>Dans la location est compris linge de maison (lits, salle de bains, cuisine). <br \/>\nAu cas o\u00f9 vous n&rsquo;aurez pas assez de serviettes de bains, un autre paquet peut vous \u00eatre fourni avec un suppl\u00e9ment de&nbsp;\u20ac 7,50 (\u00e0 savoir 1 grande serviette de bains, 2 serviette de toilette et 2 gants de toilette)&nbsp;<br \/>\nDe plus nous disposons d\u2019un lit pour enfant avec draps et couvertures, ainsi qu\u2019une chaise (\u20ac 20,&#8211; p\/s).&nbsp;<br \/>\nPour une p\u00e9riode plus fra\u00eeche, du bois \u00e0 chauffer est mis \u00e0 votre disposition. <br \/>\nIl est possible d\u2019utiliser la machine \u00e0 laver (\u20ac 5,&#8211;) et le s\u00e9choir (\u20ac 5,&#8211;).<\/p>\n<p><strong>Cautions, charges et payement&nbsp;<\/strong><br \/>\nLes cartes de cr\u00e9dit et les cartes bancaires ne sont pas accept\u00e9es.&nbsp;<br \/>\nNous acceptons des cheques et liquide.<\/p>\n<p><strong>A savoir en plus<\/strong>&nbsp;<br \/>\nLe s\u00e9jour commence le samedi apr\u00e8s 15h00 et le d\u00e9part samedi avant 10h00. <br \/>\nD&rsquo;autres arrangements sont possibles, apr\u00e8s entente au pr\u00e9alable. <br \/>\nPour tout dommage \u00e9ventuel, vous \u00eates tenu directement responsable.<br \/>\nIl est interdit de fumer dans le g\u00eete, et les animaux sont bienvenus en consultation.&nbsp;<\/p>\n<p><strong>R\u00e9servation&nbsp;<\/strong><br \/>\nLa r\u00e9servation peut se faire par&nbsp;<span style=\"text-decoration: underline;\"><span style=\"color: #800080;\"><a href=\"https:\/\/www.trouve.eu\/fr\/contact\/\"><span style=\"color: #800080; text-decoration: underline;\">ce formulaire&nbsp;<\/span><\/a><\/span><\/span>ou par T\u00e9l. : 0033 (0) 952591370. <br \/>\nApr\u00e8s avoir pay\u00e9 25%&nbsp;du prix du s\u00e9jour avec une&nbsp;cheque. <br \/>\nNous vous enverrons une confirmation \u00e9crite pour votre r\u00e9servation. <br \/>\nEn cas d&rsquo;annulation, aucun montant ne vous sera rendu, nous vous conseillons de souscrire une assurance d&rsquo;annulation.<br \/>\nAvez-vous encore des questions? N&rsquo;h\u00e9sitez pas \u00e0 nous contacter! &nbsp;&nbsp;<\/p>\n","protected":false},"excerpt":{"rendered":"<p>La grange** Le g\u00eete 2-5 personnes a \u00e9t\u00e9 am\u00e9nag\u00e9 dans l&rsquo;ancienne grange.&nbsp; Il dispose d&rsquo;une belle terrasse situ\u00e9e au nord, mais ayant assez d&rsquo;espace autour pour pouvoir profiter du soleil. Au sud-est il-y-a un toit en terrasse avec une vue splendide sur la vall\u00e9e. Le g\u00eete a un grand s\u00e9jour agr\u00e9able avec cuisine, un po\u00eale [&hellip;]<\/p>\n","protected":false},"author":1,"featured_media":0,"parent":0,"menu_order":0,"comment_status":"closed","ping_status":"closed","template":"","meta":{"om_disable_all_campaigns":false,"_monsterinsights_skip_tracking":false,"_monsterinsights_sitenote_active":false,"_monsterinsights_sitenote_note":"","_monsterinsights_sitenote_category":0,"ngg_post_thumbnail":0,"footnotes":""},"class_list":["post-2120","page","type-page","status-publish","hentry"],"yoast_head":"<!-- This site is optimized with the Yoast SEO plugin v27.1.1 - https:\/\/yoast.com\/product\/yoast-seo-wordpress\/ -->\n<title>Information grange &#8226; Trouve<\/title>\n<meta name=\"robots\" content=\"index, follow, max-snippet:-1, max-image-preview:large, max-video-preview:-1\" \/>\n<link rel=\"canonical\" href=\"https:\/\/www.trouve.eu\/fr\/gite5p-informatie\/\" \/>\n<meta property=\"og:locale\" content=\"fr_FR\" \/>\n<meta property=\"og:type\" content=\"article\" \/>\n<meta property=\"og:title\" content=\"Information grange &#8226; Trouve\" \/>\n<meta property=\"og:description\" content=\"La grange** Le g\u00eete 2-5 personnes a \u00e9t\u00e9 am\u00e9nag\u00e9 dans l&rsquo;ancienne grange.&nbsp; Il dispose d&rsquo;une belle terrasse situ\u00e9e au nord, mais ayant assez d&rsquo;espace autour pour pouvoir profiter du soleil. Au sud-est il-y-a un toit en terrasse avec une vue splendide sur la vall\u00e9e. Le g\u00eete a un grand s\u00e9jour agr\u00e9able avec cuisine, un po\u00eale [&hellip;]\" \/>\n<meta property=\"og:url\" content=\"https:\/\/www.trouve.eu\/fr\/gite5p-informatie\/\" \/>\n<meta property=\"og:site_name\" content=\"Trouve\" \/>\n<meta property=\"article:modified_time\" content=\"2025-12-03T10:22:19+00:00\" \/>\n<meta name=\"twitter:card\" content=\"summary_large_image\" \/>\n<meta name=\"twitter:label1\" content=\"Dur\u00e9e de lecture estim\u00e9e\" \/>\n\t<meta name=\"twitter:data1\" content=\"2 minutes\" \/>\n<script type=\"application\/ld+json\" class=\"yoast-schema-graph\">{\"@context\":\"https:\/\/schema.org\",\"@graph\":[{\"@type\":\"WebPage\",\"@id\":\"https:\/\/www.trouve.eu\/fr\/gite5p-informatie\/\",\"url\":\"https:\/\/www.trouve.eu\/fr\/gite5p-informatie\/\",\"name\":\"Information grange &#8226; Trouve\",\"isPartOf\":{\"@id\":\"https:\/\/www.trouve.eu\/#website\"},\"datePublished\":\"2016-04-06T14:40:52+00:00\",\"dateModified\":\"2025-12-03T10:22:19+00:00\",\"breadcrumb\":{\"@id\":\"https:\/\/www.trouve.eu\/fr\/gite5p-informatie\/#breadcrumb\"},\"inLanguage\":\"fr-FR\",\"potentialAction\":[{\"@type\":\"ReadAction\",\"target\":[\"https:\/\/www.trouve.eu\/fr\/gite5p-informatie\/\"]}]},{\"@type\":\"BreadcrumbList\",\"@id\":\"https:\/\/www.trouve.eu\/fr\/gite5p-informatie\/#breadcrumb\",\"itemListElement\":[{\"@type\":\"ListItem\",\"position\":1,\"name\":\"Home\",\"item\":\"https:\/\/www.trouve.eu\/fr\/\"},{\"@type\":\"ListItem\",\"position\":2,\"name\":\"Information grange\"}]},{\"@type\":\"WebSite\",\"@id\":\"https:\/\/www.trouve.eu\/#website\",\"url\":\"https:\/\/www.trouve.eu\/\",\"name\":\"Trouve\",\"description\":\"Mini camping - G\u00eetes - Slaapzaal\",\"publisher\":{\"@id\":\"https:\/\/www.trouve.eu\/#organization\"},\"potentialAction\":[{\"@type\":\"SearchAction\",\"target\":{\"@type\":\"EntryPoint\",\"urlTemplate\":\"https:\/\/www.trouve.eu\/?s={search_term_string}\"},\"query-input\":{\"@type\":\"PropertyValueSpecification\",\"valueRequired\":true,\"valueName\":\"search_term_string\"}}],\"inLanguage\":\"fr-FR\"},{\"@type\":\"Organization\",\"@id\":\"https:\/\/www.trouve.eu\/#organization\",\"name\":\"Trouve\",\"url\":\"https:\/\/www.trouve.eu\/\",\"logo\":{\"@type\":\"ImageObject\",\"inLanguage\":\"fr-FR\",\"@id\":\"https:\/\/www.trouve.eu\/#\/schema\/logo\/image\/\",\"url\":\"https:\/\/www.trouve.eu\/wp-content\/uploads\/2016\/03\/logo_groen.png\",\"contentUrl\":\"https:\/\/www.trouve.eu\/wp-content\/uploads\/2016\/03\/logo_groen.png\",\"width\":376,\"height\":134,\"caption\":\"Trouve\"},\"image\":{\"@id\":\"https:\/\/www.trouve.eu\/#\/schema\/logo\/image\/\"}}]}<\/script>\n<!-- \/ Yoast SEO plugin. -->","yoast_head_json":{"title":"Information grange &#8226; Trouve","robots":{"index":"index","follow":"follow","max-snippet":"max-snippet:-1","max-image-preview":"max-image-preview:large","max-video-preview":"max-video-preview:-1"},"canonical":"https:\/\/www.trouve.eu\/fr\/gite5p-informatie\/","og_locale":"fr_FR","og_type":"article","og_title":"Information grange &#8226; Trouve","og_description":"La grange** Le g\u00eete 2-5 personnes a \u00e9t\u00e9 am\u00e9nag\u00e9 dans l&rsquo;ancienne grange.&nbsp; Il dispose d&rsquo;une belle terrasse situ\u00e9e au nord, mais ayant assez d&rsquo;espace autour pour pouvoir profiter du soleil. Au sud-est il-y-a un toit en terrasse avec une vue splendide sur la vall\u00e9e. Le g\u00eete a un grand s\u00e9jour agr\u00e9able avec cuisine, un po\u00eale [&hellip;]","og_url":"https:\/\/www.trouve.eu\/fr\/gite5p-informatie\/","og_site_name":"Trouve","article_modified_time":"2025-12-03T10:22:19+00:00","twitter_card":"summary_large_image","twitter_misc":{"Dur\u00e9e de lecture estim\u00e9e":"2 minutes"},"schema":{"@context":"https:\/\/schema.org","@graph":[{"@type":"WebPage","@id":"https:\/\/www.trouve.eu\/fr\/gite5p-informatie\/","url":"https:\/\/www.trouve.eu\/fr\/gite5p-informatie\/","name":"Information grange &#8226; Trouve","isPartOf":{"@id":"https:\/\/www.trouve.eu\/#website"},"datePublished":"2016-04-06T14:40:52+00:00","dateModified":"2025-12-03T10:22:19+00:00","breadcrumb":{"@id":"https:\/\/www.trouve.eu\/fr\/gite5p-informatie\/#breadcrumb"},"inLanguage":"fr-FR","potentialAction":[{"@type":"ReadAction","target":["https:\/\/www.trouve.eu\/fr\/gite5p-informatie\/"]}]},{"@type":"BreadcrumbList","@id":"https:\/\/www.trouve.eu\/fr\/gite5p-informatie\/#breadcrumb","itemListElement":[{"@type":"ListItem","position":1,"name":"Home","item":"https:\/\/www.trouve.eu\/fr\/"},{"@type":"ListItem","position":2,"name":"Information grange"}]},{"@type":"WebSite","@id":"https:\/\/www.trouve.eu\/#website","url":"https:\/\/www.trouve.eu\/","name":"Trouve","description":"Mini camping - G\u00eetes - Slaapzaal","publisher":{"@id":"https:\/\/www.trouve.eu\/#organization"},"potentialAction":[{"@type":"SearchAction","target":{"@type":"EntryPoint","urlTemplate":"https:\/\/www.trouve.eu\/?s={search_term_string}"},"query-input":{"@type":"PropertyValueSpecification","valueRequired":true,"valueName":"search_term_string"}}],"inLanguage":"fr-FR"},{"@type":"Organization","@id":"https:\/\/www.trouve.eu\/#organization","name":"Trouve","url":"https:\/\/www.trouve.eu\/","logo":{"@type":"ImageObject","inLanguage":"fr-FR","@id":"https:\/\/www.trouve.eu\/#\/schema\/logo\/image\/","url":"https:\/\/www.trouve.eu\/wp-content\/uploads\/2016\/03\/logo_groen.png","contentUrl":"https:\/\/www.trouve.eu\/wp-content\/uploads\/2016\/03\/logo_groen.png","width":376,"height":134,"caption":"Trouve"},"image":{"@id":"https:\/\/www.trouve.eu\/#\/schema\/logo\/image\/"}}]}},"_links":{"self":[{"href":"https:\/\/www.trouve.eu\/fr\/wp-json\/wp\/v2\/pages\/2120","targetHints":{"allow":["GET"]}}],"collection":[{"href":"https:\/\/www.trouve.eu\/fr\/wp-json\/wp\/v2\/pages"}],"about":[{"href":"https:\/\/www.trouve.eu\/fr\/wp-json\/wp\/v2\/types\/page"}],"author":[{"embeddable":true,"href":"https:\/\/www.trouve.eu\/fr\/wp-json\/wp\/v2\/users\/1"}],"replies":[{"embeddable":true,"href":"https:\/\/www.trouve.eu\/fr\/wp-json\/wp\/v2\/comments?post=2120"}],"version-history":[{"count":27,"href":"https:\/\/www.trouve.eu\/fr\/wp-json\/wp\/v2\/pages\/2120\/revisions"}],"predecessor-version":[{"id":4448,"href":"https:\/\/www.trouve.eu\/fr\/wp-json\/wp\/v2\/pages\/2120\/revisions\/4448"}],"wp:attachment":[{"href":"https:\/\/www.trouve.eu\/fr\/wp-json\/wp\/v2\/media?parent=2120"}],"curies":[{"name":"wp","href":"https:\/\/api.w.org\/{rel}","templated":true}]}}