{"id":2114,"date":"2016-04-06T15:41:56","date_gmt":"2016-04-06T14:41:56","guid":{"rendered":"http:\/\/www.trouve.eu\/fr\/slaapzaal-informatie\/"},"modified":"2025-10-10T10:45:41","modified_gmt":"2025-10-10T09:45:41","slug":"information-dortoir","status":"publish","type":"page","link":"https:\/\/www.trouve.eu\/fr\/information-dortoir\/","title":{"rendered":"Information dortoir"},"content":{"rendered":"<p>&nbsp;<\/p>\n<p style=\"color: #333333; font-family: Tahoma, Helvetica, Arial, sans-serif; font-size: 12px; line-height: 15px;\"><span style=\"font-size: 18pt; color: #800080;\"><strong>Le dortoir<\/strong>&nbsp;<\/span><\/p>\n<p>Le dortoir est am\u00e9nag\u00e9 dans l&rsquo;ancien fenil de la grange, et offre la possibilit\u00e9 d&rsquo;h\u00e9bergement pour 8 personnes. Il est possible d&rsquo;utiliser l&rsquo;espace sanitaire, la pi\u00e8ce commune spacieuse et&nbsp;la cuisine. Id\u00e9al&nbsp; comme g\u00eete d\u2019\u00e9tape ou accueil de passage.<\/p>\n<p><strong>Prix 2026<\/strong><br \/>\nPar nuit par lit &nbsp; &nbsp; &nbsp; &nbsp; &nbsp; &nbsp; \u20ac 15,00. &nbsp; &nbsp;il est demand\u00e9 d\u2019amener votre sac de couchage.<br \/>\nUn paquet des draps &nbsp;&nbsp; \u20ac 12,50 &nbsp; &nbsp;une couette, un cousin, un drap de bain, une serviette de toilette, un gant de toilette.<br \/>\nTaxe de s\u00e9jours &nbsp; &nbsp; &nbsp; &nbsp; &nbsp; &nbsp;\u20ac &nbsp;0,25<br \/>\nDans le prix est compris utilisation des sanitaires et de la cuisine, et un bon lit de 90 X 200.<\/p>\n<p>Le dortoir est ouvert dans le p\u00e9riode de camping. D&rsquo;autres p\u00e9riodes de locations sont possibles, entente au pr\u00e9alable.&nbsp;<\/p>\n<p><strong>Groupes<\/strong><br \/>\nIl est possible de r\u00e9server le dortoir pour un groupe (max 8 personnes) .<\/p>\n<p><strong>Bon \u00e0 savoir&nbsp;<\/strong><br \/>\nIl est interdit de fumer et les animaux domestiques ne sont pas admis.<br \/>\nEn cas de dommages, nous vous tenons directement pour responsable.&nbsp;<br \/>\nLes cartes de cr\u00e9dits et les cartes bancaires ne sont pas accept\u00e9es.<\/p>\n<p><strong>R\u00e9servation<\/strong>&nbsp;<br \/>\nVous pouvez r\u00e9server \u00e0 l&rsquo;aide de&nbsp;<span style=\"text-decoration: underline;\"><a href=\"https:\/\/www.trouve.eu\/fr\/contact\/\"><span style=\"text-decoration: underline;\"><span style=\"color: #800080; text-decoration: underline;\">ce formulaire<\/span>&nbsp;<\/span><\/a><\/span>ou par T\u00e9l.: 0033 (0) 952591370.&nbsp;<\/p>\n","protected":false},"excerpt":{"rendered":"<p>&nbsp; Le dortoir&nbsp; Le dortoir est am\u00e9nag\u00e9 dans l&rsquo;ancien fenil de la grange, et offre la possibilit\u00e9 d&rsquo;h\u00e9bergement pour 8 personnes. Il est possible d&rsquo;utiliser l&rsquo;espace sanitaire, la pi\u00e8ce commune spacieuse et&nbsp;la cuisine. Id\u00e9al&nbsp; comme g\u00eete d\u2019\u00e9tape ou accueil de passage. Prix 2026 Par nuit par lit &nbsp; &nbsp; &nbsp; &nbsp; &nbsp; &nbsp; \u20ac 15,00. [&hellip;]<\/p>\n","protected":false},"author":1,"featured_media":0,"parent":0,"menu_order":0,"comment_status":"closed","ping_status":"closed","template":"","meta":{"om_disable_all_campaigns":false,"_monsterinsights_skip_tracking":false,"_monsterinsights_sitenote_active":false,"_monsterinsights_sitenote_note":"","_monsterinsights_sitenote_category":0,"ngg_post_thumbnail":0,"footnotes":""},"class_list":["post-2114","page","type-page","status-publish","hentry"],"yoast_head":"<!-- This site is optimized with the Yoast SEO plugin v27.1.1 - https:\/\/yoast.com\/product\/yoast-seo-wordpress\/ -->\n<title>Information dortoir &#8226; Trouve<\/title>\n<meta name=\"robots\" content=\"index, follow, max-snippet:-1, max-image-preview:large, max-video-preview:-1\" \/>\n<link rel=\"canonical\" href=\"https:\/\/www.trouve.eu\/fr\/information-dortoir\/\" \/>\n<meta property=\"og:locale\" content=\"fr_FR\" \/>\n<meta property=\"og:type\" content=\"article\" \/>\n<meta property=\"og:title\" content=\"Information dortoir &#8226; Trouve\" \/>\n<meta property=\"og:description\" content=\"&nbsp; Le dortoir&nbsp; Le dortoir est am\u00e9nag\u00e9 dans l&rsquo;ancien fenil de la grange, et offre la possibilit\u00e9 d&rsquo;h\u00e9bergement pour 8 personnes. Il est possible d&rsquo;utiliser l&rsquo;espace sanitaire, la pi\u00e8ce commune spacieuse et&nbsp;la cuisine. Id\u00e9al&nbsp; comme g\u00eete d\u2019\u00e9tape ou accueil de passage. Prix 2026 Par nuit par lit &nbsp; &nbsp; &nbsp; &nbsp; &nbsp; &nbsp; \u20ac 15,00. [&hellip;]\" \/>\n<meta property=\"og:url\" content=\"https:\/\/www.trouve.eu\/fr\/information-dortoir\/\" \/>\n<meta property=\"og:site_name\" content=\"Trouve\" \/>\n<meta property=\"article:modified_time\" content=\"2025-10-10T09:45:41+00:00\" \/>\n<meta name=\"twitter:card\" content=\"summary_large_image\" \/>\n<meta name=\"twitter:label1\" content=\"Dur\u00e9e de lecture estim\u00e9e\" \/>\n\t<meta name=\"twitter:data1\" content=\"1 minute\" \/>\n<script type=\"application\/ld+json\" class=\"yoast-schema-graph\">{\"@context\":\"https:\/\/schema.org\",\"@graph\":[{\"@type\":\"WebPage\",\"@id\":\"https:\/\/www.trouve.eu\/fr\/information-dortoir\/\",\"url\":\"https:\/\/www.trouve.eu\/fr\/information-dortoir\/\",\"name\":\"Information dortoir &#8226; Trouve\",\"isPartOf\":{\"@id\":\"https:\/\/www.trouve.eu\/#website\"},\"datePublished\":\"2016-04-06T14:41:56+00:00\",\"dateModified\":\"2025-10-10T09:45:41+00:00\",\"breadcrumb\":{\"@id\":\"https:\/\/www.trouve.eu\/fr\/information-dortoir\/#breadcrumb\"},\"inLanguage\":\"fr-FR\",\"potentialAction\":[{\"@type\":\"ReadAction\",\"target\":[\"https:\/\/www.trouve.eu\/fr\/information-dortoir\/\"]}]},{\"@type\":\"BreadcrumbList\",\"@id\":\"https:\/\/www.trouve.eu\/fr\/information-dortoir\/#breadcrumb\",\"itemListElement\":[{\"@type\":\"ListItem\",\"position\":1,\"name\":\"Home\",\"item\":\"https:\/\/www.trouve.eu\/fr\/\"},{\"@type\":\"ListItem\",\"position\":2,\"name\":\"Information dortoir\"}]},{\"@type\":\"WebSite\",\"@id\":\"https:\/\/www.trouve.eu\/#website\",\"url\":\"https:\/\/www.trouve.eu\/\",\"name\":\"Trouve\",\"description\":\"Mini camping - G\u00eetes - Slaapzaal\",\"publisher\":{\"@id\":\"https:\/\/www.trouve.eu\/#organization\"},\"potentialAction\":[{\"@type\":\"SearchAction\",\"target\":{\"@type\":\"EntryPoint\",\"urlTemplate\":\"https:\/\/www.trouve.eu\/?s={search_term_string}\"},\"query-input\":{\"@type\":\"PropertyValueSpecification\",\"valueRequired\":true,\"valueName\":\"search_term_string\"}}],\"inLanguage\":\"fr-FR\"},{\"@type\":\"Organization\",\"@id\":\"https:\/\/www.trouve.eu\/#organization\",\"name\":\"Trouve\",\"url\":\"https:\/\/www.trouve.eu\/\",\"logo\":{\"@type\":\"ImageObject\",\"inLanguage\":\"fr-FR\",\"@id\":\"https:\/\/www.trouve.eu\/#\/schema\/logo\/image\/\",\"url\":\"https:\/\/www.trouve.eu\/wp-content\/uploads\/2016\/03\/logo_groen.png\",\"contentUrl\":\"https:\/\/www.trouve.eu\/wp-content\/uploads\/2016\/03\/logo_groen.png\",\"width\":376,\"height\":134,\"caption\":\"Trouve\"},\"image\":{\"@id\":\"https:\/\/www.trouve.eu\/#\/schema\/logo\/image\/\"}}]}<\/script>\n<!-- \/ Yoast SEO plugin. -->","yoast_head_json":{"title":"Information dortoir &#8226; Trouve","robots":{"index":"index","follow":"follow","max-snippet":"max-snippet:-1","max-image-preview":"max-image-preview:large","max-video-preview":"max-video-preview:-1"},"canonical":"https:\/\/www.trouve.eu\/fr\/information-dortoir\/","og_locale":"fr_FR","og_type":"article","og_title":"Information dortoir &#8226; Trouve","og_description":"&nbsp; Le dortoir&nbsp; Le dortoir est am\u00e9nag\u00e9 dans l&rsquo;ancien fenil de la grange, et offre la possibilit\u00e9 d&rsquo;h\u00e9bergement pour 8 personnes. Il est possible d&rsquo;utiliser l&rsquo;espace sanitaire, la pi\u00e8ce commune spacieuse et&nbsp;la cuisine. Id\u00e9al&nbsp; comme g\u00eete d\u2019\u00e9tape ou accueil de passage. Prix 2026 Par nuit par lit &nbsp; &nbsp; &nbsp; &nbsp; &nbsp; &nbsp; \u20ac 15,00. [&hellip;]","og_url":"https:\/\/www.trouve.eu\/fr\/information-dortoir\/","og_site_name":"Trouve","article_modified_time":"2025-10-10T09:45:41+00:00","twitter_card":"summary_large_image","twitter_misc":{"Dur\u00e9e de lecture estim\u00e9e":"1 minute"},"schema":{"@context":"https:\/\/schema.org","@graph":[{"@type":"WebPage","@id":"https:\/\/www.trouve.eu\/fr\/information-dortoir\/","url":"https:\/\/www.trouve.eu\/fr\/information-dortoir\/","name":"Information dortoir &#8226; Trouve","isPartOf":{"@id":"https:\/\/www.trouve.eu\/#website"},"datePublished":"2016-04-06T14:41:56+00:00","dateModified":"2025-10-10T09:45:41+00:00","breadcrumb":{"@id":"https:\/\/www.trouve.eu\/fr\/information-dortoir\/#breadcrumb"},"inLanguage":"fr-FR","potentialAction":[{"@type":"ReadAction","target":["https:\/\/www.trouve.eu\/fr\/information-dortoir\/"]}]},{"@type":"BreadcrumbList","@id":"https:\/\/www.trouve.eu\/fr\/information-dortoir\/#breadcrumb","itemListElement":[{"@type":"ListItem","position":1,"name":"Home","item":"https:\/\/www.trouve.eu\/fr\/"},{"@type":"ListItem","position":2,"name":"Information dortoir"}]},{"@type":"WebSite","@id":"https:\/\/www.trouve.eu\/#website","url":"https:\/\/www.trouve.eu\/","name":"Trouve","description":"Mini camping - G\u00eetes - Slaapzaal","publisher":{"@id":"https:\/\/www.trouve.eu\/#organization"},"potentialAction":[{"@type":"SearchAction","target":{"@type":"EntryPoint","urlTemplate":"https:\/\/www.trouve.eu\/?s={search_term_string}"},"query-input":{"@type":"PropertyValueSpecification","valueRequired":true,"valueName":"search_term_string"}}],"inLanguage":"fr-FR"},{"@type":"Organization","@id":"https:\/\/www.trouve.eu\/#organization","name":"Trouve","url":"https:\/\/www.trouve.eu\/","logo":{"@type":"ImageObject","inLanguage":"fr-FR","@id":"https:\/\/www.trouve.eu\/#\/schema\/logo\/image\/","url":"https:\/\/www.trouve.eu\/wp-content\/uploads\/2016\/03\/logo_groen.png","contentUrl":"https:\/\/www.trouve.eu\/wp-content\/uploads\/2016\/03\/logo_groen.png","width":376,"height":134,"caption":"Trouve"},"image":{"@id":"https:\/\/www.trouve.eu\/#\/schema\/logo\/image\/"}}]}},"_links":{"self":[{"href":"https:\/\/www.trouve.eu\/fr\/wp-json\/wp\/v2\/pages\/2114","targetHints":{"allow":["GET"]}}],"collection":[{"href":"https:\/\/www.trouve.eu\/fr\/wp-json\/wp\/v2\/pages"}],"about":[{"href":"https:\/\/www.trouve.eu\/fr\/wp-json\/wp\/v2\/types\/page"}],"author":[{"embeddable":true,"href":"https:\/\/www.trouve.eu\/fr\/wp-json\/wp\/v2\/users\/1"}],"replies":[{"embeddable":true,"href":"https:\/\/www.trouve.eu\/fr\/wp-json\/wp\/v2\/comments?post=2114"}],"version-history":[{"count":13,"href":"https:\/\/www.trouve.eu\/fr\/wp-json\/wp\/v2\/pages\/2114\/revisions"}],"predecessor-version":[{"id":4427,"href":"https:\/\/www.trouve.eu\/fr\/wp-json\/wp\/v2\/pages\/2114\/revisions\/4427"}],"wp:attachment":[{"href":"https:\/\/www.trouve.eu\/fr\/wp-json\/wp\/v2\/media?parent=2114"}],"curies":[{"name":"wp","href":"https:\/\/api.w.org\/{rel}","templated":true}]}}