{"id":2108,"date":"2016-04-14T16:22:50","date_gmt":"2016-04-14T15:22:50","guid":{"rendered":"http:\/\/www.trouve.eu\/fr\/trouve-omgeving-agenda\/"},"modified":"2016-05-09T16:00:23","modified_gmt":"2016-05-09T15:00:23","slug":"trouve-activite-agenda","status":"publish","type":"page","link":"https:\/\/www.trouve.eu\/fr\/trouve-activite-agenda\/","title":{"rendered":"Trouve activite agenda"},"content":{"rendered":"<p style=\"text-align: center;\">Ce calendrier donne une directive \u00f2u ces r\u00e9jouissances ce trouveront.<a href=\"https:\/\/www.tourisme-combrailles.fr\/tout-l-agenda-par-date-1.html\" target=\"_blank\"><br \/>\n https:\/\/www.tourisme-combrailles.fr\/tout-l-agenda-par-date-1.html\u00a0<\/a><\/p>\n<table class=\"aligncenter\" style=\"border-color: #ffffff; width: 902px; background-color: #a69f9f;\" border=\"1\" cellspacing=\"1\" cellpadding=\"1\">\n<tbody>\n<tr style=\"height: 24px;\">\n<td style=\"width: 169px; height: 24px; color: #800080;\"><strong>les mois<\/strong><\/td>\n<td style=\"width: 274px; height: 24px; color: #800080;\"><strong>la date\/ont c\u00e9d\u00e9<\/strong><\/td>\n<td style=\"width: 340px; height: 24px; color: #800080;\"><strong>activite<\/strong><\/td>\n<td style=\"width: 213px; height: 24px; color: #800080;\"><strong>l\u2019endroit<\/strong><\/td>\n<\/tr>\n<tr>\n<td style=\"width: 169px;\">janvier<\/td>\n<td style=\"width: 274px;\">\u00a0<\/td>\n<td style=\"width: 340px;\">\u00a0<\/td>\n<td style=\"width: 213px;\">\u00a0<\/td>\n<\/tr>\n<tr>\n<td style=\"width: 169px;\">f\u00e9vrier<\/td>\n<td style=\"width: 274px;\">1e week-end<\/td>\n<td style=\"width: 340px;\">Festival du court Metrage<\/td>\n<td style=\"width: 213px;\">Clermont Ferrand<\/td>\n<\/tr>\n<tr>\n<td style=\"width: 169px;\">mars<\/td>\n<td style=\"width: 274px;\">\u00a0<\/td>\n<td style=\"width: 340px;\">\u00a0<\/td>\n<td style=\"width: 213px;\">\u00a0<\/td>\n<\/tr>\n<tr>\n<td style=\"width: 169px;\">avril<\/td>\n<td style=\"width: 274px;\">derni\u00e8re week-end<\/td>\n<td style=\"width: 340px;\">March\u00e9 de Potiers des Combrailles<\/td>\n<td style=\"width: 213px;\">Goutti\u00e8res<\/td>\n<\/tr>\n<tr>\n<td style=\"width: 169px;\">mai<\/td>\n<td style=\"width: 274px;\">1e week-end (2009: 2+3 mai)<\/td>\n<td style=\"width: 340px;\">F\u00eate Napoleon\u00a0 III\u00a0\u00a0\u00a0<\/td>\n<td style=\"width: 213px;\">Vichy<\/td>\n<\/tr>\n<tr>\n<td style=\"width: 169px;\">\u00a0<\/td>\n<td style=\"width: 274px;\">3e week-end<\/td>\n<td style=\"width: 340px;\">F\u00eate des Fleurs\u00a0<\/td>\n<td style=\"width: 213px;\">Saint Gervais d \u00c1uvergne<\/td>\n<\/tr>\n<tr>\n<td style=\"width: 169px;\">\u00a0<\/td>\n<td style=\"width: 274px;\">\u00a0<\/td>\n<td style=\"width: 340px;\">Brocante et vide Greniers\/F\u00eate du Pain<\/td>\n<td style=\"width: 213px;\">Queuille<\/td>\n<\/tr>\n<tr>\n<td style=\"width: 169px;\">juin<\/td>\n<td style=\"width: 274px;\">2e week-end<\/td>\n<td style=\"width: 340px;\">F\u00eate Patronale\u00a0<\/td>\n<td style=\"width: 213px;\">Saint Priest des Champs<\/td>\n<\/tr>\n<tr>\n<td style=\"width: 169px;\">\u00a0<\/td>\n<td style=\"width: 274px;\">21<\/td>\n<td style=\"width: 340px;\">F\u00eate de la Musique<\/td>\n<td style=\"width: 213px;\">divers<\/td>\n<\/tr>\n<tr>\n<td style=\"width: 169px;\">\u00a0<\/td>\n<td style=\"width: 274px;\">3e\/4e\u00a0 week-end<\/td>\n<td style=\"width: 340px;\">F\u00eate Patronale<\/td>\n<td style=\"width: 213px;\">Saint Gervais d \u00c1uvergne<\/td>\n<\/tr>\n<tr>\n<td style=\"width: 169px;\">\u00a0<\/td>\n<td style=\"width: 274px;\">derni\u00e8re week-end<\/td>\n<td style=\"width: 340px;\">Brocante et vide Greniers<\/td>\n<td style=\"width: 213px;\">Espinasse<\/td>\n<\/tr>\n<tr>\n<td style=\"width: 169px;\">juillet<\/td>\n<td style=\"width: 274px;\">2e week-end<\/td>\n<td style=\"width: 340px;\">F\u00eate des Foins<\/td>\n<td style=\"width: 213px;\">Espinasse<\/td>\n<\/tr>\n<tr>\n<td style=\"width: 169px;\">\u00a0<\/td>\n<td style=\"width: 274px;\">\u00a0<\/td>\n<td style=\"width: 340px;\">Vide grenier<\/td>\n<td style=\"width: 213px;\">Chateauneuf les Bains<\/td>\n<\/tr>\n<tr>\n<td style=\"width: 169px;\">\u00a0<\/td>\n<td style=\"width: 274px;\">derni\u00e8re week-end<\/td>\n<td style=\"width: 340px;\">F\u00eate du Bois<\/td>\n<td style=\"width: 213px;\">Sainte Christine<\/td>\n<\/tr>\n<tr>\n<td style=\"width: 169px;\">\u00a0<\/td>\n<td style=\"width: 274px;\">\u00a0<\/td>\n<td style=\"width: 340px;\">Brocante<\/td>\n<td style=\"width: 213px;\">Youx<\/td>\n<\/tr>\n<tr>\n<td style=\"width: 169px;\">\u00a0<\/td>\n<td style=\"width: 274px;\">\u00a0<\/td>\n<td style=\"width: 340px;\">F\u00eate de la Myrtille<\/td>\n<td style=\"width: 213px;\">Saint Julien la Geneste<\/td>\n<\/tr>\n<tr>\n<td style=\"width: 169px;\">ao\u00fbt<\/td>\n<td style=\"width: 274px;\">\u00a0<\/td>\n<td style=\"width: 340px;\">Festival Bach en Combrailles<\/td>\n<td style=\"width: 213px;\">Pontaumur<\/td>\n<\/tr>\n<tr>\n<td style=\"width: 169px;\">\u00a0<\/td>\n<td style=\"width: 274px;\">1e samedi<\/td>\n<td style=\"width: 340px;\">Foire aux Choux\u00a0<\/td>\n<td style=\"width: 213px;\">Saint Priest des Champs<\/td>\n<\/tr>\n<tr>\n<td style=\"width: 169px;\">\u00a0<\/td>\n<td style=\"width: 274px;\">1e\/2e week-end<\/td>\n<td style=\"width: 340px;\">Vide grenier<\/td>\n<td style=\"width: 213px;\">Chateauneuf les Bains<\/td>\n<\/tr>\n<tr>\n<td style=\"width: 169px;\">\u00a0<\/td>\n<td style=\"width: 274px;\">\u00a0<\/td>\n<td style=\"width: 340px;\">F\u00eate de la Moisson\u00a0<\/td>\n<td style=\"width: 213px;\">St. Maurice pr\u00e8s Pionsat<\/td>\n<\/tr>\n<tr>\n<td style=\"width: 169px;\">\u00a0<\/td>\n<td style=\"width: 274px;\">\u00a0<\/td>\n<td style=\"width: 340px;\">Brocante<\/td>\n<td style=\"width: 213px;\">Pionsat<\/td>\n<\/tr>\n<tr>\n<td style=\"width: 169px;\">\u00a0<\/td>\n<td style=\"width: 274px;\">\u00a0<\/td>\n<td style=\"width: 340px;\">Brocante<\/td>\n<td style=\"width: 213px;\">Saint Gervais d \u00c1uvergne<\/td>\n<\/tr>\n<tr>\n<td style=\"width: 169px;\">\u00a0<\/td>\n<td style=\"width: 274px;\">\u00a0<\/td>\n<td style=\"width: 340px;\">F\u00eate du Cheix (Cheval)<\/td>\n<td style=\"width: 213px;\">Biollet<\/td>\n<\/tr>\n<tr>\n<td style=\"width: 169px;\">\u00a0<\/td>\n<td style=\"width: 274px;\">\u00a0<\/td>\n<td style=\"width: 340px;\">F\u00eates terroir et vieilles machines<\/td>\n<td style=\"width: 213px;\">Montaigut en Combraille<\/td>\n<\/tr>\n<tr>\n<td style=\"width: 169px;\">\u00a0<\/td>\n<td style=\"width: 274px;\">2 annuelle (2010)<\/td>\n<td style=\"width: 340px;\">Festival de la vie Medieval<\/td>\n<td style=\"width: 213px;\">Montaigut en Combraille<\/td>\n<\/tr>\n<tr>\n<td style=\"width: 169px;\">\u00a0<\/td>\n<td style=\"width: 274px;\">2e\/3e a c\u00e9d\u00e9<\/td>\n<td style=\"width: 340px;\">Grand Bal de l\u2019Europe<\/td>\n<td style=\"width: 213px;\">Saint Gervais d \u00c1uvergne<\/td>\n<\/tr>\n<tr>\n<td style=\"width: 169px;\">septembre<\/td>\n<td style=\"width: 274px;\">derni\u00e9re week-end\u00a0<\/td>\n<td style=\"width: 340px;\">Foire Bio Nature en Cimbrailles<\/td>\n<td style=\"width: 213px;\">Saint Gervais d \u00c1uvergne<\/td>\n<\/tr>\n<tr>\n<td style=\"width: 169px;\">octobre<\/td>\n<td style=\"width: 274px;\">1e week-end<\/td>\n<td style=\"width: 340px;\">F\u00eate Patronale autour du Pressoir\u00a0<\/td>\n<td style=\"width: 213px;\">Saint Priest des Champs<\/td>\n<\/tr>\n<tr>\n<td style=\"width: 169px;\">\u00a0<\/td>\n<td style=\"width: 274px;\">2e week-end<\/td>\n<td style=\"width: 340px;\">Foire \u00e1 la Pomme de Terre\u00a0<\/td>\n<td style=\"width: 213px;\">Biollet<\/td>\n<\/tr>\n<tr>\n<td style=\"width: 169px;\">\u00a0<\/td>\n<td style=\"width: 274px;\">3e week-end<\/td>\n<td style=\"width: 340px;\">F\u00eate de la Pomme<\/td>\n<td style=\"width: 213px;\">Monaitgut en Combraille<\/td>\n<\/tr>\n<tr>\n<td style=\"width: 169px;\">\u00a0<\/td>\n<td style=\"width: 274px;\">derni\u00e8re week-end<\/td>\n<td style=\"width: 340px;\">Brocante<\/td>\n<td style=\"width: 213px;\">Saint Gervais d \u00c1uvergne<\/td>\n<\/tr>\n<tr>\n<td style=\"width: 169px;\">\u00a0<\/td>\n<td style=\"width: 274px;\">?<\/td>\n<td style=\"width: 340px;\">Th\u00e9 Dansant<\/td>\n<td style=\"width: 213px;\">Saint Priest des Champs<\/td>\n<\/tr>\n<tr>\n<td style=\"width: 169px;\">novembre<\/td>\n<td style=\"width: 274px;\">2e week-end<\/td>\n<td style=\"width: 340px;\">Concours Charolais<\/td>\n<td style=\"width: 213px;\">Saint Gervais d \u00c1uvergne<\/td>\n<\/tr>\n<tr>\n<td style=\"width: 169px;\">d\u00e9cembre<\/td>\n<td style=\"width: 274px;\">1e a c\u00e9d\u00e9?<\/td>\n<td style=\"width: 340px;\">Telethon diverse acitivite<\/td>\n<td style=\"width: 213px;\">st.Priest, St. Gervais, \u2026.<\/td>\n<\/tr>\n<tr>\n<td style=\"width: 169px;\">\u00a0<\/td>\n<td style=\"width: 274px;\">pour le no\u00eblle<\/td>\n<td style=\"width: 340px;\">foire de la no\u00eblle<\/td>\n<td style=\"width: 213px;\">Clermont Ferrand<\/td>\n<\/tr>\n<tr>\n<td style=\"width: 169px;\">\u00a0<\/td>\n<td style=\"width: 274px;\">week-end pour le no\u00eblle<\/td>\n<td style=\"width: 340px;\">foire de la no\u00eblle<\/td>\n<td style=\"width: 213px;\">Saint Gervais d \u00c1uvergne<\/td>\n<\/tr>\n<tr>\n<td style=\"width: 169px;\">\u00a0<\/td>\n<td style=\"width: 274px;\">\n<p>demie d\u00e9cembre jusqu\u2019au d\u00e9but janvier<\/p>\n<\/td>\n<td style=\"width: 340px;\">Cr\u00eaches du monde<\/td>\n<td style=\"width: 213px;\">Landogne<\/td>\n<\/tr>\n<\/tbody>\n<\/table>\n<p><\/p>\n","protected":false},"excerpt":{"rendered":"<p>Ce calendrier donne une directive \u00f2u ces r\u00e9jouissances ce trouveront. https:\/\/www.tourisme-combrailles.fr\/tout-l-agenda-par-date-1.html\u00a0 les mois la date\/ont c\u00e9d\u00e9 activite l\u2019endroit janvier \u00a0 \u00a0 \u00a0 f\u00e9vrier 1e week-end Festival du court Metrage Clermont Ferrand mars \u00a0 \u00a0 \u00a0 avril derni\u00e8re week-end March\u00e9 de Potiers des Combrailles Goutti\u00e8res mai 1e week-end (2009: 2+3 mai) F\u00eate Napoleon\u00a0 III\u00a0\u00a0\u00a0 Vichy \u00a0 [&hellip;]<\/p>\n","protected":false},"author":1,"featured_media":0,"parent":0,"menu_order":0,"comment_status":"closed","ping_status":"closed","template":"","meta":{"om_disable_all_campaigns":false,"_monsterinsights_skip_tracking":false,"_monsterinsights_sitenote_active":false,"_monsterinsights_sitenote_note":"","_monsterinsights_sitenote_category":0,"ngg_post_thumbnail":0,"footnotes":""},"class_list":["post-2108","page","type-page","status-publish","hentry"],"yoast_head":"<!-- This site is optimized with the Yoast SEO plugin v27.1.1 - https:\/\/yoast.com\/product\/yoast-seo-wordpress\/ -->\n<title>Trouve activite agenda &#8226; Trouve<\/title>\n<meta name=\"robots\" content=\"index, follow, max-snippet:-1, max-image-preview:large, max-video-preview:-1\" \/>\n<link rel=\"canonical\" href=\"https:\/\/www.trouve.eu\/fr\/trouve-activite-agenda\/\" \/>\n<meta property=\"og:locale\" content=\"fr_FR\" \/>\n<meta property=\"og:type\" content=\"article\" \/>\n<meta property=\"og:title\" content=\"Trouve activite agenda &#8226; Trouve\" \/>\n<meta property=\"og:description\" content=\"Ce calendrier donne une directive \u00f2u ces r\u00e9jouissances ce trouveront. https:\/\/www.tourisme-combrailles.fr\/tout-l-agenda-par-date-1.html\u00a0 les mois la date\/ont c\u00e9d\u00e9 activite l\u2019endroit janvier \u00a0 \u00a0 \u00a0 f\u00e9vrier 1e week-end Festival du court Metrage Clermont Ferrand mars \u00a0 \u00a0 \u00a0 avril derni\u00e8re week-end March\u00e9 de Potiers des Combrailles Goutti\u00e8res mai 1e week-end (2009: 2+3 mai) F\u00eate Napoleon\u00a0 III\u00a0\u00a0\u00a0 Vichy \u00a0 [&hellip;]\" \/>\n<meta property=\"og:url\" content=\"https:\/\/www.trouve.eu\/fr\/trouve-activite-agenda\/\" \/>\n<meta property=\"og:site_name\" content=\"Trouve\" \/>\n<meta property=\"article:modified_time\" content=\"2016-05-09T15:00:23+00:00\" \/>\n<meta name=\"twitter:card\" content=\"summary_large_image\" \/>\n<meta name=\"twitter:label1\" content=\"Dur\u00e9e de lecture estim\u00e9e\" \/>\n\t<meta name=\"twitter:data1\" content=\"2 minutes\" \/>\n<script type=\"application\/ld+json\" class=\"yoast-schema-graph\">{\"@context\":\"https:\/\/schema.org\",\"@graph\":[{\"@type\":\"WebPage\",\"@id\":\"https:\/\/www.trouve.eu\/fr\/trouve-activite-agenda\/\",\"url\":\"https:\/\/www.trouve.eu\/fr\/trouve-activite-agenda\/\",\"name\":\"Trouve activite agenda &#8226; Trouve\",\"isPartOf\":{\"@id\":\"https:\/\/www.trouve.eu\/#website\"},\"datePublished\":\"2016-04-14T15:22:50+00:00\",\"dateModified\":\"2016-05-09T15:00:23+00:00\",\"breadcrumb\":{\"@id\":\"https:\/\/www.trouve.eu\/fr\/trouve-activite-agenda\/#breadcrumb\"},\"inLanguage\":\"fr-FR\",\"potentialAction\":[{\"@type\":\"ReadAction\",\"target\":[\"https:\/\/www.trouve.eu\/fr\/trouve-activite-agenda\/\"]}]},{\"@type\":\"BreadcrumbList\",\"@id\":\"https:\/\/www.trouve.eu\/fr\/trouve-activite-agenda\/#breadcrumb\",\"itemListElement\":[{\"@type\":\"ListItem\",\"position\":1,\"name\":\"Home\",\"item\":\"https:\/\/www.trouve.eu\/fr\/\"},{\"@type\":\"ListItem\",\"position\":2,\"name\":\"Trouve activite agenda\"}]},{\"@type\":\"WebSite\",\"@id\":\"https:\/\/www.trouve.eu\/#website\",\"url\":\"https:\/\/www.trouve.eu\/\",\"name\":\"Trouve\",\"description\":\"Mini camping - G\u00eetes - Slaapzaal\",\"publisher\":{\"@id\":\"https:\/\/www.trouve.eu\/#organization\"},\"potentialAction\":[{\"@type\":\"SearchAction\",\"target\":{\"@type\":\"EntryPoint\",\"urlTemplate\":\"https:\/\/www.trouve.eu\/?s={search_term_string}\"},\"query-input\":{\"@type\":\"PropertyValueSpecification\",\"valueRequired\":true,\"valueName\":\"search_term_string\"}}],\"inLanguage\":\"fr-FR\"},{\"@type\":\"Organization\",\"@id\":\"https:\/\/www.trouve.eu\/#organization\",\"name\":\"Trouve\",\"url\":\"https:\/\/www.trouve.eu\/\",\"logo\":{\"@type\":\"ImageObject\",\"inLanguage\":\"fr-FR\",\"@id\":\"https:\/\/www.trouve.eu\/#\/schema\/logo\/image\/\",\"url\":\"https:\/\/www.trouve.eu\/wp-content\/uploads\/2016\/03\/logo_groen.png\",\"contentUrl\":\"https:\/\/www.trouve.eu\/wp-content\/uploads\/2016\/03\/logo_groen.png\",\"width\":376,\"height\":134,\"caption\":\"Trouve\"},\"image\":{\"@id\":\"https:\/\/www.trouve.eu\/#\/schema\/logo\/image\/\"}}]}<\/script>\n<!-- \/ Yoast SEO plugin. -->","yoast_head_json":{"title":"Trouve activite agenda &#8226; Trouve","robots":{"index":"index","follow":"follow","max-snippet":"max-snippet:-1","max-image-preview":"max-image-preview:large","max-video-preview":"max-video-preview:-1"},"canonical":"https:\/\/www.trouve.eu\/fr\/trouve-activite-agenda\/","og_locale":"fr_FR","og_type":"article","og_title":"Trouve activite agenda &#8226; Trouve","og_description":"Ce calendrier donne une directive \u00f2u ces r\u00e9jouissances ce trouveront. https:\/\/www.tourisme-combrailles.fr\/tout-l-agenda-par-date-1.html\u00a0 les mois la date\/ont c\u00e9d\u00e9 activite l\u2019endroit janvier \u00a0 \u00a0 \u00a0 f\u00e9vrier 1e week-end Festival du court Metrage Clermont Ferrand mars \u00a0 \u00a0 \u00a0 avril derni\u00e8re week-end March\u00e9 de Potiers des Combrailles Goutti\u00e8res mai 1e week-end (2009: 2+3 mai) F\u00eate Napoleon\u00a0 III\u00a0\u00a0\u00a0 Vichy \u00a0 [&hellip;]","og_url":"https:\/\/www.trouve.eu\/fr\/trouve-activite-agenda\/","og_site_name":"Trouve","article_modified_time":"2016-05-09T15:00:23+00:00","twitter_card":"summary_large_image","twitter_misc":{"Dur\u00e9e de lecture estim\u00e9e":"2 minutes"},"schema":{"@context":"https:\/\/schema.org","@graph":[{"@type":"WebPage","@id":"https:\/\/www.trouve.eu\/fr\/trouve-activite-agenda\/","url":"https:\/\/www.trouve.eu\/fr\/trouve-activite-agenda\/","name":"Trouve activite agenda &#8226; Trouve","isPartOf":{"@id":"https:\/\/www.trouve.eu\/#website"},"datePublished":"2016-04-14T15:22:50+00:00","dateModified":"2016-05-09T15:00:23+00:00","breadcrumb":{"@id":"https:\/\/www.trouve.eu\/fr\/trouve-activite-agenda\/#breadcrumb"},"inLanguage":"fr-FR","potentialAction":[{"@type":"ReadAction","target":["https:\/\/www.trouve.eu\/fr\/trouve-activite-agenda\/"]}]},{"@type":"BreadcrumbList","@id":"https:\/\/www.trouve.eu\/fr\/trouve-activite-agenda\/#breadcrumb","itemListElement":[{"@type":"ListItem","position":1,"name":"Home","item":"https:\/\/www.trouve.eu\/fr\/"},{"@type":"ListItem","position":2,"name":"Trouve activite agenda"}]},{"@type":"WebSite","@id":"https:\/\/www.trouve.eu\/#website","url":"https:\/\/www.trouve.eu\/","name":"Trouve","description":"Mini camping - G\u00eetes - Slaapzaal","publisher":{"@id":"https:\/\/www.trouve.eu\/#organization"},"potentialAction":[{"@type":"SearchAction","target":{"@type":"EntryPoint","urlTemplate":"https:\/\/www.trouve.eu\/?s={search_term_string}"},"query-input":{"@type":"PropertyValueSpecification","valueRequired":true,"valueName":"search_term_string"}}],"inLanguage":"fr-FR"},{"@type":"Organization","@id":"https:\/\/www.trouve.eu\/#organization","name":"Trouve","url":"https:\/\/www.trouve.eu\/","logo":{"@type":"ImageObject","inLanguage":"fr-FR","@id":"https:\/\/www.trouve.eu\/#\/schema\/logo\/image\/","url":"https:\/\/www.trouve.eu\/wp-content\/uploads\/2016\/03\/logo_groen.png","contentUrl":"https:\/\/www.trouve.eu\/wp-content\/uploads\/2016\/03\/logo_groen.png","width":376,"height":134,"caption":"Trouve"},"image":{"@id":"https:\/\/www.trouve.eu\/#\/schema\/logo\/image\/"}}]}},"_links":{"self":[{"href":"https:\/\/www.trouve.eu\/fr\/wp-json\/wp\/v2\/pages\/2108","targetHints":{"allow":["GET"]}}],"collection":[{"href":"https:\/\/www.trouve.eu\/fr\/wp-json\/wp\/v2\/pages"}],"about":[{"href":"https:\/\/www.trouve.eu\/fr\/wp-json\/wp\/v2\/types\/page"}],"author":[{"embeddable":true,"href":"https:\/\/www.trouve.eu\/fr\/wp-json\/wp\/v2\/users\/1"}],"replies":[{"embeddable":true,"href":"https:\/\/www.trouve.eu\/fr\/wp-json\/wp\/v2\/comments?post=2108"}],"version-history":[{"count":19,"href":"https:\/\/www.trouve.eu\/fr\/wp-json\/wp\/v2\/pages\/2108\/revisions"}],"predecessor-version":[{"id":2506,"href":"https:\/\/www.trouve.eu\/fr\/wp-json\/wp\/v2\/pages\/2108\/revisions\/2506"}],"wp:attachment":[{"href":"https:\/\/www.trouve.eu\/fr\/wp-json\/wp\/v2\/media?parent=2108"}],"curies":[{"name":"wp","href":"https:\/\/api.w.org\/{rel}","templated":true}]}}