{"id":2089,"date":"2016-04-06T15:41:35","date_gmt":"2016-04-06T14:41:35","guid":{"rendered":"http:\/\/www.trouve.eu\/fr\/camping-informatie\/"},"modified":"2025-10-10T10:43:48","modified_gmt":"2025-10-10T09:43:48","slug":"camping-informatie","status":"publish","type":"page","link":"https:\/\/www.trouve.eu\/fr\/camping-informatie\/","title":{"rendered":"Information camping"},"content":{"rendered":"<p style=\"color: #333333; font-family: Tahoma, Helvetica, Arial, sans-serif; font-size: 12px; line-height: 15px;\"><span style=\"font-size: 18pt; color: #800080;\"><strong>Le camping<\/strong><\/span><\/p>\n<p>De notre camping, la vue sur la vall\u00e9e est splendide. <br \/>\nL&rsquo;espace sanitaire, l&rsquo;\u00e9vier et la pi\u00e8ce commune sont spacieux. Il y a de l&rsquo;\u00e9lectricit\u00e9. <br \/>\nNous disposons de WIFI gratuit. <br \/>\nIl y a environ 7 places spacieuses. <br \/>\nNous avons une piscine, un hamac&nbsp; et un B.B.Q.<br \/>\nLes animaux domestiques sont admis, \u00e0 condition qu&rsquo;ils soient en laisse et ne d\u00e9rangent pas les autres h\u00f4tes. Camping-cars bienvenus jusqu&rsquo;au 5 m.<\/p>\n<p><strong>Prix 2026<\/strong>&nbsp;(par nuit)&nbsp;<br \/>\n&nbsp; &nbsp; &nbsp; &nbsp; &nbsp; &nbsp; &nbsp; &nbsp; &nbsp; &nbsp; &nbsp; &nbsp; &nbsp; &nbsp; &nbsp; &nbsp; &nbsp; &nbsp; &nbsp; &nbsp; &nbsp; &nbsp; &nbsp; &nbsp; &nbsp; &nbsp; Basse saison &nbsp; &nbsp; &nbsp; &nbsp; &nbsp;Haute saison<br \/>\n&nbsp; &nbsp; &nbsp; &nbsp; &nbsp; &nbsp; &nbsp; &nbsp; &nbsp; &nbsp; &nbsp; &nbsp; &nbsp; &nbsp; &nbsp; &nbsp; &nbsp; &nbsp; &nbsp; &nbsp; &nbsp; &nbsp; &nbsp; &nbsp; &nbsp; &nbsp; &nbsp; 16\/5 &#8211; 26\/6&nbsp; &nbsp; &nbsp; &nbsp; &nbsp; &nbsp;27\/6 -28\/8<br \/>\n&nbsp; &nbsp; &nbsp; &nbsp; &nbsp; &nbsp; &nbsp; &nbsp; &nbsp; &nbsp; &nbsp; &nbsp; &nbsp; &nbsp; &nbsp; &nbsp; &nbsp; &nbsp; &nbsp; &nbsp; &nbsp; &nbsp; &nbsp; &nbsp; &nbsp; &nbsp; &nbsp; &nbsp;29\/8 &#8211; 19\/9<\/p>\n<p>\n&#8211; Emplacement &nbsp; &nbsp; &nbsp; &nbsp; &nbsp; &nbsp; &nbsp; &nbsp; &nbsp; &nbsp; &nbsp; &nbsp; &nbsp; &nbsp;\u20ac &nbsp;10,00&nbsp; &nbsp; &nbsp; &nbsp; &nbsp; &nbsp; &nbsp; &nbsp; &nbsp;\u20ac &nbsp;15,00<br \/>\n&#8211; Par personne &nbsp; &nbsp; &nbsp; &nbsp; &nbsp; &nbsp; &nbsp; &nbsp; &nbsp; &nbsp; &nbsp; &nbsp; &nbsp; &nbsp; \u20ac &nbsp;6,50 &nbsp; &nbsp; &nbsp; &nbsp; &nbsp; &nbsp; &nbsp; &nbsp;&nbsp;&nbsp; \u20ac&nbsp;&nbsp; 6,50 &nbsp;&nbsp;<br \/>\n&#8211; Enfant &lt; 4 ans &nbsp; &nbsp; &nbsp; &nbsp; &nbsp; &nbsp; &nbsp; &nbsp; &nbsp; &nbsp; &nbsp; &nbsp; &nbsp;\u20ac &nbsp;5,00&nbsp; &nbsp; &nbsp; &nbsp; &nbsp; &nbsp; &nbsp; &nbsp;&nbsp; &nbsp;&nbsp; \u20ac &nbsp; 5,00<br \/>\n&#8211; Electricit\u00e9 (6 a) &nbsp; &nbsp; &nbsp; &nbsp; &nbsp; &nbsp; &nbsp; &nbsp; &nbsp; &nbsp;&nbsp; &nbsp; \u20ac &nbsp;5,00 &nbsp; &nbsp; &nbsp; &nbsp; &nbsp; &nbsp; &nbsp; &nbsp; &nbsp;&nbsp; \u20ac&nbsp;&nbsp; 5,00<br \/>\n&#8211; Taxe de s\u00e9jour&nbsp; p.p.p.n.&nbsp; &nbsp; &nbsp; &nbsp; &nbsp;&nbsp; \u20ac&nbsp; 0,25&nbsp; &nbsp; &nbsp; &nbsp; &nbsp; &nbsp; &nbsp; &nbsp; &nbsp; &nbsp; \u20ac&nbsp; &nbsp;0,25&nbsp;<\/p>\n<p><strong>R\u00e9servation<\/strong>&nbsp;<br \/>\nVous pouvez r\u00e9server \u00e0 l&rsquo;aide de&nbsp;<span style=\"text-decoration: underline;\"><span style=\"color: #800080;\"><a href=\"https:\/\/www.trouve.eu\/fr\/contact\/\"><span style=\"color: #800080; text-decoration: underline;\">ce formulaire&nbsp;<\/span><\/a><\/span><\/span>ou par T\u00e9l.: 0033 (0) 952591370.&nbsp;<\/p>\n<p>&nbsp;<\/p>\n","protected":false},"excerpt":{"rendered":"<p>Le camping De notre camping, la vue sur la vall\u00e9e est splendide. L&rsquo;espace sanitaire, l&rsquo;\u00e9vier et la pi\u00e8ce commune sont spacieux. Il y a de l&rsquo;\u00e9lectricit\u00e9. Nous disposons de WIFI gratuit. Il y a environ 7 places spacieuses. Nous avons une piscine, un hamac&nbsp; et un B.B.Q. Les animaux domestiques sont admis, \u00e0 condition qu&rsquo;ils [&hellip;]<\/p>\n","protected":false},"author":1,"featured_media":0,"parent":0,"menu_order":0,"comment_status":"closed","ping_status":"closed","template":"","meta":{"om_disable_all_campaigns":false,"_monsterinsights_skip_tracking":false,"_monsterinsights_sitenote_active":false,"_monsterinsights_sitenote_note":"","_monsterinsights_sitenote_category":0,"ngg_post_thumbnail":0,"footnotes":""},"class_list":["post-2089","page","type-page","status-publish","hentry"],"yoast_head":"<!-- This site is optimized with the Yoast SEO plugin v27.1.1 - https:\/\/yoast.com\/product\/yoast-seo-wordpress\/ -->\n<title>Information camping &#8226; Trouve<\/title>\n<meta name=\"robots\" content=\"index, follow, max-snippet:-1, max-image-preview:large, max-video-preview:-1\" \/>\n<link rel=\"canonical\" href=\"https:\/\/www.trouve.eu\/fr\/camping-informatie\/\" \/>\n<meta property=\"og:locale\" content=\"fr_FR\" \/>\n<meta property=\"og:type\" content=\"article\" \/>\n<meta property=\"og:title\" content=\"Information camping &#8226; Trouve\" \/>\n<meta property=\"og:description\" content=\"Le camping De notre camping, la vue sur la vall\u00e9e est splendide. L&rsquo;espace sanitaire, l&rsquo;\u00e9vier et la pi\u00e8ce commune sont spacieux. Il y a de l&rsquo;\u00e9lectricit\u00e9. Nous disposons de WIFI gratuit. Il y a environ 7 places spacieuses. Nous avons une piscine, un hamac&nbsp; et un B.B.Q. Les animaux domestiques sont admis, \u00e0 condition qu&rsquo;ils [&hellip;]\" \/>\n<meta property=\"og:url\" content=\"https:\/\/www.trouve.eu\/fr\/camping-informatie\/\" \/>\n<meta property=\"og:site_name\" content=\"Trouve\" \/>\n<meta property=\"article:modified_time\" content=\"2025-10-10T09:43:48+00:00\" \/>\n<meta name=\"twitter:card\" content=\"summary_large_image\" \/>\n<meta name=\"twitter:label1\" content=\"Dur\u00e9e de lecture estim\u00e9e\" \/>\n\t<meta name=\"twitter:data1\" content=\"1 minute\" \/>\n<script type=\"application\/ld+json\" class=\"yoast-schema-graph\">{\"@context\":\"https:\/\/schema.org\",\"@graph\":[{\"@type\":\"WebPage\",\"@id\":\"https:\/\/www.trouve.eu\/fr\/camping-informatie\/\",\"url\":\"https:\/\/www.trouve.eu\/fr\/camping-informatie\/\",\"name\":\"Information camping &#8226; Trouve\",\"isPartOf\":{\"@id\":\"https:\/\/www.trouve.eu\/#website\"},\"datePublished\":\"2016-04-06T14:41:35+00:00\",\"dateModified\":\"2025-10-10T09:43:48+00:00\",\"breadcrumb\":{\"@id\":\"https:\/\/www.trouve.eu\/fr\/camping-informatie\/#breadcrumb\"},\"inLanguage\":\"fr-FR\",\"potentialAction\":[{\"@type\":\"ReadAction\",\"target\":[\"https:\/\/www.trouve.eu\/fr\/camping-informatie\/\"]}]},{\"@type\":\"BreadcrumbList\",\"@id\":\"https:\/\/www.trouve.eu\/fr\/camping-informatie\/#breadcrumb\",\"itemListElement\":[{\"@type\":\"ListItem\",\"position\":1,\"name\":\"Home\",\"item\":\"https:\/\/www.trouve.eu\/fr\/\"},{\"@type\":\"ListItem\",\"position\":2,\"name\":\"Information camping\"}]},{\"@type\":\"WebSite\",\"@id\":\"https:\/\/www.trouve.eu\/#website\",\"url\":\"https:\/\/www.trouve.eu\/\",\"name\":\"Trouve\",\"description\":\"Mini camping - G\u00eetes - Slaapzaal\",\"publisher\":{\"@id\":\"https:\/\/www.trouve.eu\/#organization\"},\"potentialAction\":[{\"@type\":\"SearchAction\",\"target\":{\"@type\":\"EntryPoint\",\"urlTemplate\":\"https:\/\/www.trouve.eu\/?s={search_term_string}\"},\"query-input\":{\"@type\":\"PropertyValueSpecification\",\"valueRequired\":true,\"valueName\":\"search_term_string\"}}],\"inLanguage\":\"fr-FR\"},{\"@type\":\"Organization\",\"@id\":\"https:\/\/www.trouve.eu\/#organization\",\"name\":\"Trouve\",\"url\":\"https:\/\/www.trouve.eu\/\",\"logo\":{\"@type\":\"ImageObject\",\"inLanguage\":\"fr-FR\",\"@id\":\"https:\/\/www.trouve.eu\/#\/schema\/logo\/image\/\",\"url\":\"https:\/\/www.trouve.eu\/wp-content\/uploads\/2016\/03\/logo_groen.png\",\"contentUrl\":\"https:\/\/www.trouve.eu\/wp-content\/uploads\/2016\/03\/logo_groen.png\",\"width\":376,\"height\":134,\"caption\":\"Trouve\"},\"image\":{\"@id\":\"https:\/\/www.trouve.eu\/#\/schema\/logo\/image\/\"}}]}<\/script>\n<!-- \/ Yoast SEO plugin. -->","yoast_head_json":{"title":"Information camping &#8226; Trouve","robots":{"index":"index","follow":"follow","max-snippet":"max-snippet:-1","max-image-preview":"max-image-preview:large","max-video-preview":"max-video-preview:-1"},"canonical":"https:\/\/www.trouve.eu\/fr\/camping-informatie\/","og_locale":"fr_FR","og_type":"article","og_title":"Information camping &#8226; Trouve","og_description":"Le camping De notre camping, la vue sur la vall\u00e9e est splendide. L&rsquo;espace sanitaire, l&rsquo;\u00e9vier et la pi\u00e8ce commune sont spacieux. Il y a de l&rsquo;\u00e9lectricit\u00e9. Nous disposons de WIFI gratuit. Il y a environ 7 places spacieuses. Nous avons une piscine, un hamac&nbsp; et un B.B.Q. Les animaux domestiques sont admis, \u00e0 condition qu&rsquo;ils [&hellip;]","og_url":"https:\/\/www.trouve.eu\/fr\/camping-informatie\/","og_site_name":"Trouve","article_modified_time":"2025-10-10T09:43:48+00:00","twitter_card":"summary_large_image","twitter_misc":{"Dur\u00e9e de lecture estim\u00e9e":"1 minute"},"schema":{"@context":"https:\/\/schema.org","@graph":[{"@type":"WebPage","@id":"https:\/\/www.trouve.eu\/fr\/camping-informatie\/","url":"https:\/\/www.trouve.eu\/fr\/camping-informatie\/","name":"Information camping &#8226; Trouve","isPartOf":{"@id":"https:\/\/www.trouve.eu\/#website"},"datePublished":"2016-04-06T14:41:35+00:00","dateModified":"2025-10-10T09:43:48+00:00","breadcrumb":{"@id":"https:\/\/www.trouve.eu\/fr\/camping-informatie\/#breadcrumb"},"inLanguage":"fr-FR","potentialAction":[{"@type":"ReadAction","target":["https:\/\/www.trouve.eu\/fr\/camping-informatie\/"]}]},{"@type":"BreadcrumbList","@id":"https:\/\/www.trouve.eu\/fr\/camping-informatie\/#breadcrumb","itemListElement":[{"@type":"ListItem","position":1,"name":"Home","item":"https:\/\/www.trouve.eu\/fr\/"},{"@type":"ListItem","position":2,"name":"Information camping"}]},{"@type":"WebSite","@id":"https:\/\/www.trouve.eu\/#website","url":"https:\/\/www.trouve.eu\/","name":"Trouve","description":"Mini camping - G\u00eetes - Slaapzaal","publisher":{"@id":"https:\/\/www.trouve.eu\/#organization"},"potentialAction":[{"@type":"SearchAction","target":{"@type":"EntryPoint","urlTemplate":"https:\/\/www.trouve.eu\/?s={search_term_string}"},"query-input":{"@type":"PropertyValueSpecification","valueRequired":true,"valueName":"search_term_string"}}],"inLanguage":"fr-FR"},{"@type":"Organization","@id":"https:\/\/www.trouve.eu\/#organization","name":"Trouve","url":"https:\/\/www.trouve.eu\/","logo":{"@type":"ImageObject","inLanguage":"fr-FR","@id":"https:\/\/www.trouve.eu\/#\/schema\/logo\/image\/","url":"https:\/\/www.trouve.eu\/wp-content\/uploads\/2016\/03\/logo_groen.png","contentUrl":"https:\/\/www.trouve.eu\/wp-content\/uploads\/2016\/03\/logo_groen.png","width":376,"height":134,"caption":"Trouve"},"image":{"@id":"https:\/\/www.trouve.eu\/#\/schema\/logo\/image\/"}}]}},"_links":{"self":[{"href":"https:\/\/www.trouve.eu\/fr\/wp-json\/wp\/v2\/pages\/2089","targetHints":{"allow":["GET"]}}],"collection":[{"href":"https:\/\/www.trouve.eu\/fr\/wp-json\/wp\/v2\/pages"}],"about":[{"href":"https:\/\/www.trouve.eu\/fr\/wp-json\/wp\/v2\/types\/page"}],"author":[{"embeddable":true,"href":"https:\/\/www.trouve.eu\/fr\/wp-json\/wp\/v2\/users\/1"}],"replies":[{"embeddable":true,"href":"https:\/\/www.trouve.eu\/fr\/wp-json\/wp\/v2\/comments?post=2089"}],"version-history":[{"count":27,"href":"https:\/\/www.trouve.eu\/fr\/wp-json\/wp\/v2\/pages\/2089\/revisions"}],"predecessor-version":[{"id":4424,"href":"https:\/\/www.trouve.eu\/fr\/wp-json\/wp\/v2\/pages\/2089\/revisions\/4424"}],"wp:attachment":[{"href":"https:\/\/www.trouve.eu\/fr\/wp-json\/wp\/v2\/media?parent=2089"}],"curies":[{"name":"wp","href":"https:\/\/api.w.org\/{rel}","templated":true}]}}