{"id":1168,"date":"2016-03-29T14:16:58","date_gmt":"2016-03-29T13:16:58","guid":{"rendered":"http:\/\/www.trouve.eu\/home-2\/"},"modified":"2019-08-09T15:12:51","modified_gmt":"2019-08-09T14:12:51","slug":"mini-camping-en-gites","status":"publish","type":"page","link":"https:\/\/www.trouve.eu\/fr\/","title":{"rendered":"home"},"content":{"rendered":"<p><img loading=\"lazy\" decoding=\"async\" class=\" wp-image-1363 alignleft\" src=\"https:\/\/www.trouve.eu\/wp-content\/uploads\/2016\/04\/DSC_0321-262x300.jpg\" alt=\"Trouve-vlinder\" width=\"327\" height=\"374\" srcset=\"https:\/\/www.trouve.eu\/wp-content\/uploads\/2016\/04\/DSC_0321-262x300.jpg 262w, https:\/\/www.trouve.eu\/wp-content\/uploads\/2016\/04\/DSC_0321.jpg 480w\" sizes=\"auto, (max-width: 327px) 100vw, 327px\" \/><\/p>\n<p><strong><span style=\"font-size: 18pt;\"><span style=\"color: #800080;\"><br \/>\nTrouv\u00e9<\/span><\/span><\/strong><\/p>\n<p>Deux g\u00eetes (un 2 pers et un 2-5 pers), minicamping et un dortoir situ\u00e9 dans un ancien ferme avec une vue magnefique. <span style=\"font-family: helvetica, arial, sans-serif;\"> Un endroit id\u00e9al pour passer des vacances si vous appr\u00e9ciez la paix, l&rsquo;espace et&nbsp;aimez les vues imprenables sur les collines. <\/span><br \/>\nTrouv\u00e9 se trouve au coeur vert de la France , dans la r\u00e9gion \u00ab\u00a0des Combrailles&rsquo; , Puy de D\u00f4me ,&nbsp;&nbsp;entre Montaigut et La Crouzille.&nbsp;<\/p>\n<p><strong>Sejour<br \/>\n<\/strong>S\u00e9jours possibles au mini-camping, un de nos&nbsp;g\u00eetes&nbsp;ou le dortoir. Besoin de plus d&rsquo;informations? Vous d\u00e9sirez r\u00e9server? N&rsquo;h\u00e9sitez pas \u00e0 nous envoyer&nbsp;<span style=\"color: #800080;\"><a style=\"text-decoration: none; color: #800080;\" href=\"\/?page_id=1475\">un mail<\/a> <\/span><br \/>\nNous sommes tous deux dipl\u00f4m\u00e9s en massage (sport et relaxation), nous sommes&nbsp; \u00e9galement \u00e9quip\u00e9s pour vous offrir une s\u00e9ance de Shiatsu. <br \/>\nD&rsquo;autre part, nous avons un espace que vous pourrez utiliser pour vos ateliers, apr\u00e8s entente pr\u00e9alable avec le propri\u00e9taire.<\/p>\n<p>&nbsp;<\/p>\n<p>&nbsp;<\/p>\n<p>\nMonique &amp; Casper Zeegers <br \/>\n2 Les Couteaux,<br \/>\nLa Crouzille, <br \/>\nPuy de Dome, Auvergne, <br \/>\nFrance.<br \/>\n0033-(0)952591370<br \/>\n<a href=\"mailto:info@trouve.eu\">info@trouve.eu<\/a>&nbsp;<\/p>\nngg_shortcode_0_placeholder\n","protected":false},"excerpt":{"rendered":"<p>Trouv\u00e9 Deux g\u00eetes (un 2 pers et un 2-5 pers), minicamping et un dortoir situ\u00e9 dans un ancien ferme avec une vue magnefique. Un endroit id\u00e9al pour passer des vacances si vous appr\u00e9ciez la paix, l&rsquo;espace et&nbsp;aimez les vues imprenables sur les collines. Trouv\u00e9 se trouve au coeur vert de la France , dans la [&hellip;]<\/p>\n","protected":false},"author":1,"featured_media":0,"parent":0,"menu_order":0,"comment_status":"closed","ping_status":"closed","template":"","meta":{"om_disable_all_campaigns":false,"_monsterinsights_skip_tracking":false,"_monsterinsights_sitenote_active":false,"_monsterinsights_sitenote_note":"","_monsterinsights_sitenote_category":0,"ngg_post_thumbnail":0,"footnotes":""},"class_list":["post-1168","page","type-page","status-publish","hentry"],"yoast_head":"<!-- This site is optimized with the Yoast SEO plugin v27.1.1 - https:\/\/yoast.com\/product\/yoast-seo-wordpress\/ -->\n<title>home &#8226; Trouve<\/title>\n<meta name=\"description\" content=\"Twee g\u00eetes\/vakantiehuisjes, minicamping en slaapzaal in een voormalige boerderij op een heuvel in de Auvergne\/ Puy de D\u00f4me nabij Montaigut en La Crouzille.\" \/>\n<meta name=\"robots\" content=\"index, follow, max-snippet:-1, max-image-preview:large, max-video-preview:-1\" \/>\n<link rel=\"canonical\" href=\"https:\/\/www.trouve.eu\/fr\/\" \/>\n<meta property=\"og:locale\" content=\"fr_FR\" \/>\n<meta property=\"og:type\" content=\"article\" \/>\n<meta property=\"og:title\" content=\"home &#8226; Trouve\" \/>\n<meta property=\"og:description\" content=\"Twee g\u00eetes\/vakantiehuisjes, minicamping en slaapzaal in een voormalige boerderij op een heuvel in de Auvergne\/ Puy de D\u00f4me nabij Montaigut en La Crouzille.\" \/>\n<meta property=\"og:url\" content=\"https:\/\/www.trouve.eu\/fr\/\" \/>\n<meta property=\"og:site_name\" content=\"Trouve\" \/>\n<meta property=\"article:modified_time\" content=\"2019-08-09T14:12:51+00:00\" \/>\n<meta property=\"og:image\" content=\"https:\/\/www.trouve.eu\/wp-content\/uploads\/2016\/04\/DSC_0321-262x300.jpg\" \/>\n<meta name=\"twitter:card\" content=\"summary_large_image\" \/>\n<meta name=\"twitter:label1\" content=\"Dur\u00e9e de lecture estim\u00e9e\" \/>\n\t<meta name=\"twitter:data1\" content=\"1 minute\" \/>\n<script type=\"application\/ld+json\" class=\"yoast-schema-graph\">{\"@context\":\"https:\/\/schema.org\",\"@graph\":[{\"@type\":\"WebPage\",\"@id\":\"https:\/\/www.trouve.eu\/fr\/\",\"url\":\"https:\/\/www.trouve.eu\/fr\/\",\"name\":\"home &#8226; Trouve\",\"isPartOf\":{\"@id\":\"https:\/\/www.trouve.eu\/#website\"},\"primaryImageOfPage\":{\"@id\":\"https:\/\/www.trouve.eu\/fr\/#primaryimage\"},\"image\":{\"@id\":\"https:\/\/www.trouve.eu\/fr\/#primaryimage\"},\"thumbnailUrl\":\"https:\/\/www.trouve.eu\/wp-content\/uploads\/2016\/04\/DSC_0321-262x300.jpg\",\"datePublished\":\"2016-03-29T13:16:58+00:00\",\"dateModified\":\"2019-08-09T14:12:51+00:00\",\"description\":\"Twee g\u00eetes\/vakantiehuisjes, minicamping en slaapzaal in een voormalige boerderij op een heuvel in de Auvergne\/ Puy de D\u00f4me nabij Montaigut en La Crouzille.\",\"breadcrumb\":{\"@id\":\"https:\/\/www.trouve.eu\/fr\/#breadcrumb\"},\"inLanguage\":\"fr-FR\",\"potentialAction\":[{\"@type\":\"ReadAction\",\"target\":[\"https:\/\/www.trouve.eu\/fr\/\"]}]},{\"@type\":\"ImageObject\",\"inLanguage\":\"fr-FR\",\"@id\":\"https:\/\/www.trouve.eu\/fr\/#primaryimage\",\"url\":\"https:\/\/www.trouve.eu\/wp-content\/uploads\/2016\/04\/DSC_0321-262x300.jpg\",\"contentUrl\":\"https:\/\/www.trouve.eu\/wp-content\/uploads\/2016\/04\/DSC_0321-262x300.jpg\"},{\"@type\":\"BreadcrumbList\",\"@id\":\"https:\/\/www.trouve.eu\/fr\/#breadcrumb\",\"itemListElement\":[{\"@type\":\"ListItem\",\"position\":1,\"name\":\"Home\",\"item\":\"https:\/\/www.trouve.eu\/fr\/\"},{\"@type\":\"ListItem\",\"position\":2,\"name\":\"home\"}]},{\"@type\":\"WebSite\",\"@id\":\"https:\/\/www.trouve.eu\/#website\",\"url\":\"https:\/\/www.trouve.eu\/\",\"name\":\"Trouve\",\"description\":\"Mini camping - G\u00eetes - Slaapzaal\",\"publisher\":{\"@id\":\"https:\/\/www.trouve.eu\/#organization\"},\"potentialAction\":[{\"@type\":\"SearchAction\",\"target\":{\"@type\":\"EntryPoint\",\"urlTemplate\":\"https:\/\/www.trouve.eu\/?s={search_term_string}\"},\"query-input\":{\"@type\":\"PropertyValueSpecification\",\"valueRequired\":true,\"valueName\":\"search_term_string\"}}],\"inLanguage\":\"fr-FR\"},{\"@type\":\"Organization\",\"@id\":\"https:\/\/www.trouve.eu\/#organization\",\"name\":\"Trouve\",\"url\":\"https:\/\/www.trouve.eu\/\",\"logo\":{\"@type\":\"ImageObject\",\"inLanguage\":\"fr-FR\",\"@id\":\"https:\/\/www.trouve.eu\/#\/schema\/logo\/image\/\",\"url\":\"https:\/\/www.trouve.eu\/wp-content\/uploads\/2016\/03\/logo_groen.png\",\"contentUrl\":\"https:\/\/www.trouve.eu\/wp-content\/uploads\/2016\/03\/logo_groen.png\",\"width\":376,\"height\":134,\"caption\":\"Trouve\"},\"image\":{\"@id\":\"https:\/\/www.trouve.eu\/#\/schema\/logo\/image\/\"}}]}<\/script>\n<!-- \/ Yoast SEO plugin. -->","yoast_head_json":{"title":"home &#8226; Trouve","description":"Twee g\u00eetes\/vakantiehuisjes, minicamping en slaapzaal in een voormalige boerderij op een heuvel in de Auvergne\/ Puy de D\u00f4me nabij Montaigut en La Crouzille.","robots":{"index":"index","follow":"follow","max-snippet":"max-snippet:-1","max-image-preview":"max-image-preview:large","max-video-preview":"max-video-preview:-1"},"canonical":"https:\/\/www.trouve.eu\/fr\/","og_locale":"fr_FR","og_type":"article","og_title":"home &#8226; Trouve","og_description":"Twee g\u00eetes\/vakantiehuisjes, minicamping en slaapzaal in een voormalige boerderij op een heuvel in de Auvergne\/ Puy de D\u00f4me nabij Montaigut en La Crouzille.","og_url":"https:\/\/www.trouve.eu\/fr\/","og_site_name":"Trouve","article_modified_time":"2019-08-09T14:12:51+00:00","og_image":[{"url":"https:\/\/www.trouve.eu\/wp-content\/uploads\/2016\/04\/DSC_0321-262x300.jpg","type":"","width":"","height":""}],"twitter_card":"summary_large_image","twitter_misc":{"Dur\u00e9e de lecture estim\u00e9e":"1 minute"},"schema":{"@context":"https:\/\/schema.org","@graph":[{"@type":"WebPage","@id":"https:\/\/www.trouve.eu\/fr\/","url":"https:\/\/www.trouve.eu\/fr\/","name":"home &#8226; Trouve","isPartOf":{"@id":"https:\/\/www.trouve.eu\/#website"},"primaryImageOfPage":{"@id":"https:\/\/www.trouve.eu\/fr\/#primaryimage"},"image":{"@id":"https:\/\/www.trouve.eu\/fr\/#primaryimage"},"thumbnailUrl":"https:\/\/www.trouve.eu\/wp-content\/uploads\/2016\/04\/DSC_0321-262x300.jpg","datePublished":"2016-03-29T13:16:58+00:00","dateModified":"2019-08-09T14:12:51+00:00","description":"Twee g\u00eetes\/vakantiehuisjes, minicamping en slaapzaal in een voormalige boerderij op een heuvel in de Auvergne\/ Puy de D\u00f4me nabij Montaigut en La Crouzille.","breadcrumb":{"@id":"https:\/\/www.trouve.eu\/fr\/#breadcrumb"},"inLanguage":"fr-FR","potentialAction":[{"@type":"ReadAction","target":["https:\/\/www.trouve.eu\/fr\/"]}]},{"@type":"ImageObject","inLanguage":"fr-FR","@id":"https:\/\/www.trouve.eu\/fr\/#primaryimage","url":"https:\/\/www.trouve.eu\/wp-content\/uploads\/2016\/04\/DSC_0321-262x300.jpg","contentUrl":"https:\/\/www.trouve.eu\/wp-content\/uploads\/2016\/04\/DSC_0321-262x300.jpg"},{"@type":"BreadcrumbList","@id":"https:\/\/www.trouve.eu\/fr\/#breadcrumb","itemListElement":[{"@type":"ListItem","position":1,"name":"Home","item":"https:\/\/www.trouve.eu\/fr\/"},{"@type":"ListItem","position":2,"name":"home"}]},{"@type":"WebSite","@id":"https:\/\/www.trouve.eu\/#website","url":"https:\/\/www.trouve.eu\/","name":"Trouve","description":"Mini camping - G\u00eetes - Slaapzaal","publisher":{"@id":"https:\/\/www.trouve.eu\/#organization"},"potentialAction":[{"@type":"SearchAction","target":{"@type":"EntryPoint","urlTemplate":"https:\/\/www.trouve.eu\/?s={search_term_string}"},"query-input":{"@type":"PropertyValueSpecification","valueRequired":true,"valueName":"search_term_string"}}],"inLanguage":"fr-FR"},{"@type":"Organization","@id":"https:\/\/www.trouve.eu\/#organization","name":"Trouve","url":"https:\/\/www.trouve.eu\/","logo":{"@type":"ImageObject","inLanguage":"fr-FR","@id":"https:\/\/www.trouve.eu\/#\/schema\/logo\/image\/","url":"https:\/\/www.trouve.eu\/wp-content\/uploads\/2016\/03\/logo_groen.png","contentUrl":"https:\/\/www.trouve.eu\/wp-content\/uploads\/2016\/03\/logo_groen.png","width":376,"height":134,"caption":"Trouve"},"image":{"@id":"https:\/\/www.trouve.eu\/#\/schema\/logo\/image\/"}}]}},"_links":{"self":[{"href":"https:\/\/www.trouve.eu\/fr\/wp-json\/wp\/v2\/pages\/1168","targetHints":{"allow":["GET"]}}],"collection":[{"href":"https:\/\/www.trouve.eu\/fr\/wp-json\/wp\/v2\/pages"}],"about":[{"href":"https:\/\/www.trouve.eu\/fr\/wp-json\/wp\/v2\/types\/page"}],"author":[{"embeddable":true,"href":"https:\/\/www.trouve.eu\/fr\/wp-json\/wp\/v2\/users\/1"}],"replies":[{"embeddable":true,"href":"https:\/\/www.trouve.eu\/fr\/wp-json\/wp\/v2\/comments?post=1168"}],"version-history":[{"count":44,"href":"https:\/\/www.trouve.eu\/fr\/wp-json\/wp\/v2\/pages\/1168\/revisions"}],"predecessor-version":[{"id":3698,"href":"https:\/\/www.trouve.eu\/fr\/wp-json\/wp\/v2\/pages\/1168\/revisions\/3698"}],"wp:attachment":[{"href":"https:\/\/www.trouve.eu\/fr\/wp-json\/wp\/v2\/media?parent=1168"}],"curies":[{"name":"wp","href":"https:\/\/api.w.org\/{rel}","templated":true}]}}